{"id":3629,"date":"2024-10-07T10:04:10","date_gmt":"2024-10-07T10:04:10","guid":{"rendered":"https:\/\/sarbaygroup.com\/en\/?post_type=product&#038;p=3629"},"modified":"2024-10-07T10:07:25","modified_gmt":"2024-10-07T10:07:25","slug":"kanola-yagi","status":"publish","type":"product","link":"https:\/\/sarbaygroup.com\/en\/urunler\/kanola-yagi\/","title":{"rendered":"KANOLA YA\u011eI"},"content":{"rendered":"<p>Kanola ya\u011f\u0131, kanola bitkisinin tohumlar\u0131ndan elde edilen sa\u011fl\u0131kl\u0131 ve hafif bir bitkisel ya\u011fd\u0131r. D\u00fc\u015f\u00fck doymu\u015f ya\u011f i\u00e7eri\u011fi ve y\u00fcksek omega-3 ve omega-6 ya\u011f asidi oran\u0131 ile kalp sa\u011fl\u0131\u011f\u0131n\u0131 destekler. Y\u00fcksek duman noktas\u0131 sayesinde k\u0131zartma, soteleme ve pi\u015firme i\u015flemlerinde m\u00fckemmel bir se\u00e7imdir. Ayr\u0131ca, salatalar ve soslar i\u00e7in de ideal bir bile\u015fendir.<\/p>\n<p>Kanola ya\u011f\u0131, n\u00f6tr tad\u0131 sayesinde \u00e7e\u015fitli yemeklerde kullan\u0131labilir ve g\u0131da end\u00fcstrisinde yayg\u0131n olarak tercih edilen bir ya\u011fd\u0131r. Kalite ve sa\u011fl\u0131k odakl\u0131 bir se\u00e7enek ar\u0131yorsan\u0131z, kanola ya\u011f\u0131m\u0131z\u0131 tercih ederek sa\u011fl\u0131kl\u0131 bir beslenme al\u0131\u015fkanl\u0131\u011f\u0131na ad\u0131m atabilirsiniz.<\/p>\n<p>&nbsp;<\/p>\n\n    <div class=\"xs_social_share_widget xs_share_url after_content \t\tmain_content  wslu-style-1 wslu-share-box-shaped wslu-fill-colored wslu-none wslu-share-horizontal wslu-theme-font-no wslu-main_content\">\n\n\t\t\n        <ul>\n\t\t\t        <\/ul>\n    <\/div> \n","protected":false},"excerpt":{"rendered":"<h6>Firmam\u0131z, y\u00fcksek kaliteli kanola ya\u011f\u0131n\u0131 \u00e7e\u015fitli ambalaj se\u00e7enekleriyle sunmaktad\u0131r. \u00dcr\u00fcnlerimiz aras\u0131nda farkl\u0131 litrelerde pet \u015fi\u015fe, metal \u015fi\u015fe, PE bidon, HDPE bidon, deneke, IBC tank ve flexi tank bulunmaktad\u0131r.<\/p>\n<p>M\u00fc\u015fterilerimize \u00f6zel olarak, ambalajlar\u0131m\u0131z\u0131n \u00fczerine istenilen marka ve etiket tasar\u0131mlar\u0131 ekleyerek, markan\u0131z\u0131 \u00f6ne \u00e7\u0131karman\u0131za yard\u0131mc\u0131 olmaktay\u0131z. Ayr\u0131ca, ithalat ve ihracat s\u00fcre\u00e7lerinde de uzman kadromuzla destek veriyoruz.<\/p>\n<p>Y\u00fcksek kaliteli soya ya\u011f\u0131m\u0131z\u0131, ihtiyac\u0131n\u0131za g\u00f6re \u00f6zelle\u015ftirilmi\u015f ambalajlarla temin etmek i\u00e7in bizimle ileti\u015fime ge\u00e7in!<\/h6>\n<p>&nbsp;<\/p>\n<table border=\"0\" cellspacing=\"0\" cellpadding=\"0\">\n<tbody>\n<tr>\n<td><strong>PET \u015e\u0130\u015eE <\/strong><\/td>\n<td>1 lt \/ 2 lt \/ 3 lt \/ 5 lt \/ 10 lt \/ 20 lt<\/td>\n<\/tr>\n<\/tbody>\n<\/table>\n<p>&nbsp;<\/p>\n<table border=\"0\" cellspacing=\"0\" cellpadding=\"0\">\n<tbody>\n<tr>\n<td><strong>METAL \u015e\u0130\u015eE <\/strong><\/td>\n<td>3 lt \/ 5 lt<\/td>\n<\/tr>\n<\/tbody>\n<\/table>\n<p>&nbsp;<\/p>\n<table border=\"0\" cellspacing=\"0\" cellpadding=\"0\">\n<tbody>\n<tr>\n<td><strong>PE B\u0130DON <\/strong><\/td>\n<td>5 LT<\/td>\n<\/tr>\n<\/tbody>\n<\/table>\n<p>&nbsp;<\/p>\n<table border=\"0\" cellspacing=\"0\" cellpadding=\"0\">\n<tbody>\n<tr>\n<td><strong>HDPE B\u0130DON <\/strong><\/td>\n<td>26.0 g<\/td>\n<\/tr>\n<\/tbody>\n<\/table>\n<p>&nbsp;<\/p>\n<table border=\"0\" cellspacing=\"0\" cellpadding=\"0\">\n<tbody>\n<tr>\n<td><strong>\u00c7oklu Doymam\u0131\u015f Ya\u011f Asitleri<\/strong><\/td>\n<td>10 lt \/ 20 lt \/ 25 lt<\/td>\n<\/tr>\n<\/tbody>\n<\/table>\n<p>&nbsp;<\/p>\n<table border=\"0\" cellspacing=\"0\" cellpadding=\"0\">\n<tbody>\n<tr>\n<td><strong>TENEKE<\/strong><\/td>\n<td>20 lt \/ 25 lt<\/td>\n<\/tr>\n<\/tbody>\n<\/table>\n<p>&nbsp;<\/p>\n<table border=\"0\" cellspacing=\"0\" cellpadding=\"0\">\n<tbody>\n<tr>\n<td><strong>IBC TANK <\/strong><\/td>\n<td>200 lt \/ 240 lt \/ 1000 lt<\/td>\n<\/tr>\n<\/tbody>\n<\/table>\n<p>&nbsp;<\/p>\n<table border=\"0\" cellspacing=\"0\" cellpadding=\"0\">\n<tbody>\n<tr>\n<td><strong>FLEXITANK<\/strong><\/td>\n<td><\/td>\n<\/tr>\n<\/tbody>\n<\/table>\n","protected":false},"featured_media":3630,"comment_status":"closed","ping_status":"closed","template":"","meta":{"_monsterinsights_skip_tracking":false,"_monsterinsights_sitenote_active":false,"_monsterinsights_sitenote_note":"","_monsterinsights_sitenote_category":0},"product_cat":[213],"product_tag":[215,216,217,218,219,220,222],"class_list":{"0":"post-3629","1":"product","2":"type-product","3":"status-publish","4":"has-post-thumbnail","6":"product_cat-soya-yagi","7":"product_tag-bitkisel-yaglar","8":"product_tag-saglikli-yag-alternatifleri","9":"product_tag-yemek-pisirme-yagi","10":"product_tag-kizartma-yagi","11":"product_tag-salata-soslari","12":"product_tag-dusuk-doymus-yag","13":"product_tag-kanola-yagi","15":"first","16":"instock","17":"shipping-taxable","18":"product-type-simple"},"aioseo_notices":[],"_links":{"self":[{"href":"https:\/\/sarbaygroup.com\/en\/wp-json\/wp\/v2\/product\/3629","targetHints":{"allow":["GET"]}}],"collection":[{"href":"https:\/\/sarbaygroup.com\/en\/wp-json\/wp\/v2\/product"}],"about":[{"href":"https:\/\/sarbaygroup.com\/en\/wp-json\/wp\/v2\/types\/product"}],"replies":[{"embeddable":true,"href":"https:\/\/sarbaygroup.com\/en\/wp-json\/wp\/v2\/comments?post=3629"}],"wp:featuredmedia":[{"embeddable":true,"href":"https:\/\/sarbaygroup.com\/en\/wp-json\/wp\/v2\/media\/3630"}],"wp:attachment":[{"href":"https:\/\/sarbaygroup.com\/en\/wp-json\/wp\/v2\/media?parent=3629"}],"wp:term":[{"taxonomy":"product_cat","embeddable":true,"href":"https:\/\/sarbaygroup.com\/en\/wp-json\/wp\/v2\/product_cat?post=3629"},{"taxonomy":"product_tag","embeddable":true,"href":"https:\/\/sarbaygroup.com\/en\/wp-json\/wp\/v2\/product_tag?post=3629"}],"curies":[{"name":"wp","href":"https:\/\/api.w.org\/{rel}","templated":true}]}}