{"id":3591,"date":"2024-10-04T12:59:33","date_gmt":"2024-10-04T12:59:33","guid":{"rendered":"https:\/\/sarbaygroup.com\/en\/?post_type=product&#038;p=3591"},"modified":"2024-10-04T13:01:03","modified_gmt":"2024-10-04T13:01:03","slug":"cavdar","status":"publish","type":"product","link":"https:\/\/sarbaygroup.com\/en\/urunler\/cavdar\/","title":{"rendered":"\u00c7AVDAR"},"content":{"rendered":"<p><span>\u00c7avdar, iyi bilinen bir tah\u0131l bitkisidir. Tah\u0131l, un yapmak i\u00e7in kullan\u0131l\u0131r ve ayr\u0131ca kvas ve alkol yapmak i\u00e7in de kullan\u0131l\u0131r. Ve saplar\u0131 kurutuldu\u011funda, tar\u0131mda ve in\u015faatta kullan\u0131lan saman haline gelir.<\/span><\/p>\n<p><span>\u00c7avdar ayn\u0131 zamanda de\u011ferli bir yem bitkisidir. Hayvanc\u0131l\u0131kta, \u00e7avdar kepe\u011fi ve yem unu, %11-12 protein i\u00e7eren ve hayvanlar taraf\u0131ndan iyi emilen konsantre yem olarak kullan\u0131l\u0131r. \u00dcr\u00fcn, erken ilkbaharda s\u0131\u011f\u0131rlara verilen ye\u015fil yem i\u00e7in ekilir. Ye\u015fil k\u00fctledeki protein i\u00e7eri\u011fi a\u00e7\u0131s\u0131ndan (%13,9), \u00e7avdar, salk\u0131m \u00e7\u0131karma a\u015famas\u0131nda bu\u011fday ve m\u0131s\u0131rdan \u00fcst\u00fcnd\u00fcr.<\/span><\/p>\n\n    <div class=\"xs_social_share_widget xs_share_url after_content \t\tmain_content  wslu-style-1 wslu-share-box-shaped wslu-fill-colored wslu-none wslu-share-horizontal wslu-theme-font-no wslu-main_content\">\n\n\t\t\n        <ul>\n\t\t\t        <\/ul>\n    <\/div> \n","protected":false},"excerpt":{"rendered":"<div class=\"products__label\">\n<div class=\"products__label\">\n<div class=\"products__label\">\n<div class=\"products__label\">\n<div class=\"products__label\"><span>Ba\u015fl\u0131ca \u00f6zellikleri:<\/span><\/div>\n<div class=\"products__wrap\">\n<div class=\"products__properties\"><span>Nem: %14,5&#8217;e kadar<\/span><\/div>\n<div class=\"products__properties\"><span>Yabanc\u0131 safs\u0131zl\u0131klar: %2&#8217;ye kadar<\/span><\/div>\n<div class=\"products__properties\"><span>Tah\u0131l kirlili\u011fi: %6&#8217;ya kadar<\/span><\/div>\n<\/div>\n<\/div>\n<\/div>\n<\/div>\n<\/div>\n","protected":false},"featured_media":3592,"comment_status":"closed","ping_status":"closed","template":"","meta":{"_monsterinsights_skip_tracking":false,"_monsterinsights_sitenote_active":false,"_monsterinsights_sitenote_note":"","_monsterinsights_sitenote_category":0},"product_cat":[32],"product_tag":[152],"class_list":{"0":"post-3591","1":"product","2":"type-product","3":"status-publish","4":"has-post-thumbnail","6":"product_cat-bakliyat","7":"product_tag-cavdar","9":"first","10":"instock","11":"shipping-taxable","12":"product-type-simple"},"aioseo_notices":[],"_links":{"self":[{"href":"https:\/\/sarbaygroup.com\/en\/wp-json\/wp\/v2\/product\/3591","targetHints":{"allow":["GET"]}}],"collection":[{"href":"https:\/\/sarbaygroup.com\/en\/wp-json\/wp\/v2\/product"}],"about":[{"href":"https:\/\/sarbaygroup.com\/en\/wp-json\/wp\/v2\/types\/product"}],"replies":[{"embeddable":true,"href":"https:\/\/sarbaygroup.com\/en\/wp-json\/wp\/v2\/comments?post=3591"}],"wp:featuredmedia":[{"embeddable":true,"href":"https:\/\/sarbaygroup.com\/en\/wp-json\/wp\/v2\/media\/3592"}],"wp:attachment":[{"href":"https:\/\/sarbaygroup.com\/en\/wp-json\/wp\/v2\/media?parent=3591"}],"wp:term":[{"taxonomy":"product_cat","embeddable":true,"href":"https:\/\/sarbaygroup.com\/en\/wp-json\/wp\/v2\/product_cat?post=3591"},{"taxonomy":"product_tag","embeddable":true,"href":"https:\/\/sarbaygroup.com\/en\/wp-json\/wp\/v2\/product_tag?post=3591"}],"curies":[{"name":"wp","href":"https:\/\/api.w.org\/{rel}","templated":true}]}}