{"id":3589,"date":"2024-10-04T12:56:35","date_gmt":"2024-10-04T12:56:35","guid":{"rendered":"https:\/\/sarbaygroup.com\/en\/?post_type=product&#038;p=3589"},"modified":"2024-10-04T12:57:47","modified_gmt":"2024-10-04T12:57:47","slug":"yulaf","status":"publish","type":"product","link":"https:\/\/sarbaygroup.com\/en\/urunler\/yulaf\/","title":{"rendered":"YULAF"},"content":{"rendered":"<p><span>Yulaf en \u00f6nemli yem bitkilerinden biridir. Yulaf meyveleri \u015feker, ni\u015fasta (%50-60), protein (%14-16), ya\u011fl\u0131 ya\u011f (%6-9), B vitaminleri, E vitamini, karotenoidler, kolin, steroller (stigmasterol, \u03b2-sitosterol, kolesterol vb.), steroidal saponinler (avenacoside A), organik asitler (oksalik, malonik, er\u00fcsik), kumarinler, makro ve mikro elementler (potasyum, kalsiyum, fosfor, magnezyum, demir) i\u00e7erir. Bu nedenle yulaf, atlar, s\u0131\u011f\u0131rlar, \u00f6zellikle gen\u00e7 hayvanlar ve k\u00fcmes hayvanlar\u0131 i\u00e7in vazge\u00e7ilmez bir konsantre yemdir.\u00a0<\/span><br \/>\n<span>Yulaf tanesi, \u00f6zellikle kabuklu yulaf, kesilmi\u015f ve parlat\u0131lm\u0131\u015f tah\u0131llar, bisk\u00fcviler ve kahve ikameleri yapmak i\u00e7in kullan\u0131l\u0131r. Yulaf unu, bisk\u00fcviler, kurabiyeler ve kahve ikameleri yapmak i\u00e7in kullan\u0131l\u0131r.\u00a0<\/span><br \/>\n<span>Yulaf kepe\u011fi de de\u011ferlidir, %8&#8217;e kadar protein ve %41&#8217;in \u00fczerinde karbonhidrat i\u00e7erir. Yulaf saman\u0131 kaba ka\u011f\u0131t yap\u0131m\u0131nda kullan\u0131l\u0131r.<\/span><\/p>\n\n    <div class=\"xs_social_share_widget xs_share_url after_content \t\tmain_content  wslu-style-1 wslu-share-box-shaped wslu-fill-colored wslu-none wslu-share-horizontal wslu-theme-font-no wslu-main_content\">\n\n\t\t\n        <ul>\n\t\t\t        <\/ul>\n    <\/div> \n","protected":false},"excerpt":{"rendered":"<div class=\"products__label\">\n<div class=\"products__label\">\n<div class=\"products__label\">\n<div class=\"products__label\"><span>Ba\u015fl\u0131ca \u00f6zellikleri:<\/span><\/div>\n<div class=\"products__wrap\">\n<div class=\"products__properties\"><span>Nem: %13,5&#8217;e kadar<\/span><\/div>\n<div class=\"products__properties\"><span>Yabanc\u0131 safs\u0131zl\u0131klar: %2&#8217;ye kadar<\/span><\/div>\n<div class=\"products__properties\"><span>Tah\u0131l kirlili\u011fi: %4&#8217;e kadar<\/span><\/div>\n<div class=\"products__properties\"><span>Do\u011fa, G\/L, en az: 520<\/span><\/div>\n<\/div>\n<\/div>\n<\/div>\n<\/div>\n","protected":false},"featured_media":3590,"comment_status":"closed","ping_status":"closed","template":"","meta":{"_monsterinsights_skip_tracking":false,"_monsterinsights_sitenote_active":false,"_monsterinsights_sitenote_note":"","_monsterinsights_sitenote_category":0},"product_cat":[32],"product_tag":[151],"class_list":{"0":"post-3589","1":"product","2":"type-product","3":"status-publish","4":"has-post-thumbnail","6":"product_cat-bakliyat","7":"product_tag-yulaf","9":"first","10":"instock","11":"shipping-taxable","12":"product-type-simple"},"aioseo_notices":[],"_links":{"self":[{"href":"https:\/\/sarbaygroup.com\/en\/wp-json\/wp\/v2\/product\/3589","targetHints":{"allow":["GET"]}}],"collection":[{"href":"https:\/\/sarbaygroup.com\/en\/wp-json\/wp\/v2\/product"}],"about":[{"href":"https:\/\/sarbaygroup.com\/en\/wp-json\/wp\/v2\/types\/product"}],"replies":[{"embeddable":true,"href":"https:\/\/sarbaygroup.com\/en\/wp-json\/wp\/v2\/comments?post=3589"}],"wp:featuredmedia":[{"embeddable":true,"href":"https:\/\/sarbaygroup.com\/en\/wp-json\/wp\/v2\/media\/3590"}],"wp:attachment":[{"href":"https:\/\/sarbaygroup.com\/en\/wp-json\/wp\/v2\/media?parent=3589"}],"wp:term":[{"taxonomy":"product_cat","embeddable":true,"href":"https:\/\/sarbaygroup.com\/en\/wp-json\/wp\/v2\/product_cat?post=3589"},{"taxonomy":"product_tag","embeddable":true,"href":"https:\/\/sarbaygroup.com\/en\/wp-json\/wp\/v2\/product_tag?post=3589"}],"curies":[{"name":"wp","href":"https:\/\/api.w.org\/{rel}","templated":true}]}}