{"id":3584,"date":"2024-10-04T12:35:34","date_gmt":"2024-10-04T12:35:34","guid":{"rendered":"https:\/\/sarbaygroup.com\/en\/?post_type=product&#038;p=3584"},"modified":"2024-10-04T12:42:15","modified_gmt":"2024-10-04T12:42:15","slug":"yesil-mercimek-3","status":"publish","type":"product","link":"https:\/\/sarbaygroup.com\/en\/urunler\/yesil-mercimek-3\/","title":{"rendered":"YE\u015e\u0130L BEZELYE"},"content":{"rendered":"<p><span>Sebze bezelyesi, baklagiller familyas\u0131ndan y\u0131ll\u0131k otsu bir baklagil ve sebze bitkisidir. Sebze bezelyesi, taze olarak yenen ye\u015fil fasulye ve konserve i\u00e7in ye\u015fil bezelye \u00fcretmek i\u00e7in yeti\u015ftirilir.\u00a0<\/span><\/p>\n<p><span>Bezelye tanesinde %20-35 oran\u0131nda protein, ni\u015fasta, \u015fekerler, ya\u011f, vitaminler (A, B, B2, B6, C, PP, K, E), karoten, mineraller (potasyum, kalsiyum, manganez, demir, fosfor tuzlar\u0131) bulunmaktad\u0131r.<\/span><\/p>\n<p><span>Bezelye unu, konsantre yem \u00fcretiminde kullan\u0131l\u0131r. Hayvanlara ayr\u0131ca y\u00fcksek protein i\u00e7eri\u011fi nedeniyle ot bitkilerinden \u00e7ok daha besleyici olan ye\u015fil k\u00fctle, saman ve saman verilir.<\/span><\/p>\n\n    <div class=\"xs_social_share_widget xs_share_url after_content \t\tmain_content  wslu-style-1 wslu-share-box-shaped wslu-fill-colored wslu-none wslu-share-horizontal wslu-theme-font-no wslu-main_content\">\n\n\t\t\n        <ul>\n\t\t\t        <\/ul>\n    <\/div> \n","protected":false},"excerpt":{"rendered":"<div class=\"products__label\">\n<div class=\"products__label\"><span>Ba\u015fl\u0131ca \u00f6zellikleri:<\/span><\/div>\n<div class=\"products__wrap\">\n<div class=\"products__properties\"><span>Nem: %15&#8217;e kadar<\/span><\/div>\n<div class=\"products__properties\"><span>Yabanc\u0131 safs\u0131zl\u0131klar: %4&#8217;e kadar<\/span><\/div>\n<div class=\"products__properties\"><span>Tah\u0131l kirlili\u011fi: %5&#8217;e kadar<\/span><\/div>\n<\/div>\n<\/div>\n","protected":false},"featured_media":3585,"comment_status":"closed","ping_status":"closed","template":"","meta":{"_monsterinsights_skip_tracking":false,"_monsterinsights_sitenote_active":false,"_monsterinsights_sitenote_note":"","_monsterinsights_sitenote_category":0},"product_cat":[32],"product_tag":[148,149],"class_list":{"0":"post-3584","1":"product","2":"type-product","3":"status-publish","4":"has-post-thumbnail","6":"product_cat-bakliyat","7":"product_tag-yesil","8":"product_tag-bezelye","10":"first","11":"instock","12":"shipping-taxable","13":"product-type-simple"},"aioseo_notices":[],"_links":{"self":[{"href":"https:\/\/sarbaygroup.com\/en\/wp-json\/wp\/v2\/product\/3584","targetHints":{"allow":["GET"]}}],"collection":[{"href":"https:\/\/sarbaygroup.com\/en\/wp-json\/wp\/v2\/product"}],"about":[{"href":"https:\/\/sarbaygroup.com\/en\/wp-json\/wp\/v2\/types\/product"}],"replies":[{"embeddable":true,"href":"https:\/\/sarbaygroup.com\/en\/wp-json\/wp\/v2\/comments?post=3584"}],"wp:featuredmedia":[{"embeddable":true,"href":"https:\/\/sarbaygroup.com\/en\/wp-json\/wp\/v2\/media\/3585"}],"wp:attachment":[{"href":"https:\/\/sarbaygroup.com\/en\/wp-json\/wp\/v2\/media?parent=3584"}],"wp:term":[{"taxonomy":"product_cat","embeddable":true,"href":"https:\/\/sarbaygroup.com\/en\/wp-json\/wp\/v2\/product_cat?post=3584"},{"taxonomy":"product_tag","embeddable":true,"href":"https:\/\/sarbaygroup.com\/en\/wp-json\/wp\/v2\/product_tag?post=3584"}],"curies":[{"name":"wp","href":"https:\/\/api.w.org\/{rel}","templated":true}]}}