{"id":3581,"date":"2024-10-04T11:57:17","date_gmt":"2024-10-04T11:57:17","guid":{"rendered":"https:\/\/sarbaygroup.com\/en\/?post_type=product&#038;p=3581"},"modified":"2024-10-04T12:27:39","modified_gmt":"2024-10-04T12:27:39","slug":"yesil-mercimek-2","status":"publish","type":"product","link":"https:\/\/sarbaygroup.com\/en\/urunler\/yesil-mercimek-2\/","title":{"rendered":"YE\u015e\u0130L MERC\u0130MEK"},"content":{"rendered":"<p>Mercimek, \u00e7ok lezzetli olmas\u0131, \u00f6nceden \u0131slatmaya ihtiya\u00e7 duymamas\u0131 ve iyi pi\u015fmesi nedeniyle en pop\u00fcler baklagil t\u00fcr\u00fcd\u00fcr. Zengin bir biberli tada ve baharatl\u0131 bir tada sahiptir. Aromal\u0131 mercimek unu yapmak ve filizlendirmek i\u00e7in uygundur.<\/p>\n<p>Ye\u015fil mercimek potasyum, kalsiyum, demir ve fosfor a\u00e7\u0131s\u0131ndan daha zengindir ve lif i\u00e7eren ve pi\u015firme s\u0131ras\u0131nda fasulyenin \u015feklini korumas\u0131na yard\u0131mc\u0131 olan korunmu\u015f bir kabu\u011fa sahiptir. Bu \u00fcr\u00fcn, insan v\u00fccudunun normal i\u015fleyi\u015fi i\u00e7in \u00f6zellikle \u00f6nemli olan folik asitle zenginle\u015ftirilmi\u015ftir.<\/p>\n\n    <div class=\"xs_social_share_widget xs_share_url after_content \t\tmain_content  wslu-style-1 wslu-share-box-shaped wslu-fill-colored wslu-none wslu-share-horizontal wslu-theme-font-no wslu-main_content\">\n\n\t\t\n        <ul>\n\t\t\t        <\/ul>\n    <\/div> \n","protected":false},"excerpt":{"rendered":"<div class=\"products__label\">Ba\u015fl\u0131ca \u00f6zellikleri:<\/div>\n<div class=\"products__wrap\">\n<div class=\"products__properties\">Nem: %15&#8217;e kadar<\/div>\n<div class=\"products__properties\">Yabanc\u0131 safs\u0131zl\u0131klar: %1&#8217;e kadar<\/div>\n<div class=\"products__properties\">Tah\u0131l kirlili\u011fi: %4&#8217;e kadar<\/div>\n<\/div>\n","protected":false},"featured_media":3582,"comment_status":"closed","ping_status":"closed","template":"","meta":{"_monsterinsights_skip_tracking":false,"_monsterinsights_sitenote_active":false,"_monsterinsights_sitenote_note":"","_monsterinsights_sitenote_category":0},"product_cat":[32],"product_tag":[146,147],"class_list":{"0":"post-3581","1":"product","2":"type-product","3":"status-publish","4":"has-post-thumbnail","6":"product_cat-bakliyat","7":"product_tag-yesil-mercimek","8":"product_tag-mercimek","10":"first","11":"instock","12":"shipping-taxable","13":"product-type-simple"},"aioseo_notices":[],"_links":{"self":[{"href":"https:\/\/sarbaygroup.com\/en\/wp-json\/wp\/v2\/product\/3581","targetHints":{"allow":["GET"]}}],"collection":[{"href":"https:\/\/sarbaygroup.com\/en\/wp-json\/wp\/v2\/product"}],"about":[{"href":"https:\/\/sarbaygroup.com\/en\/wp-json\/wp\/v2\/types\/product"}],"replies":[{"embeddable":true,"href":"https:\/\/sarbaygroup.com\/en\/wp-json\/wp\/v2\/comments?post=3581"}],"wp:featuredmedia":[{"embeddable":true,"href":"https:\/\/sarbaygroup.com\/en\/wp-json\/wp\/v2\/media\/3582"}],"wp:attachment":[{"href":"https:\/\/sarbaygroup.com\/en\/wp-json\/wp\/v2\/media?parent=3581"}],"wp:term":[{"taxonomy":"product_cat","embeddable":true,"href":"https:\/\/sarbaygroup.com\/en\/wp-json\/wp\/v2\/product_cat?post=3581"},{"taxonomy":"product_tag","embeddable":true,"href":"https:\/\/sarbaygroup.com\/en\/wp-json\/wp\/v2\/product_tag?post=3581"}],"curies":[{"name":"wp","href":"https:\/\/api.w.org\/{rel}","templated":true}]}}