{"id":3579,"date":"2024-10-04T11:21:04","date_gmt":"2024-10-04T11:21:04","guid":{"rendered":"https:\/\/sarbaygroup.com\/en\/?post_type=product&#038;p=3579"},"modified":"2024-10-04T11:53:27","modified_gmt":"2024-10-04T11:53:27","slug":"sari-dari-2","status":"publish","type":"product","link":"https:\/\/sarbaygroup.com\/en\/urunler\/sari-dari-2\/","title":{"rendered":"SARI DARI"},"content":{"rendered":"<p><span>Dar\u0131 de\u011ferli bir ekmek, sanayi ve yem bitkisidir. Dar\u0131 tanesi %55-58 ni\u015fasta, %10-11 protein, %4 ya\u011f i\u00e7erir ve y\u00fcksek lif i\u00e7eri\u011fi (%3-8) ile karakterize edilir. Dar\u0131, tah\u0131l, un ve hayvan yemi (tah\u0131l, kabuk ve saman) \u00fcretmek i\u00e7in kullan\u0131l\u0131r. Dar\u0131, kurak y\u0131llarda bile nispeten y\u00fcksek ve olduk\u00e7a istikrarl\u0131 verim sa\u011flayabilen de\u011ferli bir tah\u0131l \u00fcr\u00fcn\u00fcd\u00fcr.<\/span><br \/>\n<span>\u00a0Dar\u0131 tanesi k\u00fcmes hayvan\u0131 yemi olarak da kullan\u0131l\u0131r. Dar\u0131 saman\u0131 ve kepe\u011fi, tah\u0131l saman\u0131 ve kepe\u011finden daha iyi yem niteliklerine sahiptir. Ni\u015fasta i\u00e7eri\u011fi nedeniyle dar\u0131 tanesi alkol end\u00fcstrisinde kullan\u0131l\u0131r.<\/span><\/p>\n\n    <div class=\"xs_social_share_widget xs_share_url after_content \t\tmain_content  wslu-style-1 wslu-share-box-shaped wslu-fill-colored wslu-none wslu-share-horizontal wslu-theme-font-no wslu-main_content\">\n\n\t\t\n        <ul>\n\t\t\t        <\/ul>\n    <\/div> \n","protected":false},"excerpt":{"rendered":"<div class=\"products__description\">\n<div class=\"products__label\">\n<div class=\"products__label\">\n<div class=\"products__label\">Ba\u015fl\u0131ca \u00f6zellikleri:<\/div>\n<div class=\"products__wrap\">\n<div class=\"products__properties\">Nem: %13,5&#8217;e kadar<\/div>\n<div class=\"products__properties\">Yabanc\u0131 safs\u0131zl\u0131klar: %3,5&#8217;e kadar<\/div>\n<div class=\"products__properties\">Tah\u0131l kirlili\u011fi: %8&#8217;e kadar<\/div>\n<\/div>\n<\/div>\n<\/div>\n<\/div>\n","protected":false},"featured_media":3580,"comment_status":"closed","ping_status":"closed","template":"","meta":{"_monsterinsights_skip_tracking":false,"_monsterinsights_sitenote_active":false,"_monsterinsights_sitenote_note":"","_monsterinsights_sitenote_category":0},"product_cat":[32],"product_tag":[143,145],"class_list":{"0":"post-3579","1":"product","2":"type-product","3":"status-publish","4":"has-post-thumbnail","6":"product_cat-bakliyat","7":"product_tag-dari","8":"product_tag-sari-dari","10":"first","11":"instock","12":"shipping-taxable","13":"product-type-simple"},"aioseo_notices":[],"_links":{"self":[{"href":"https:\/\/sarbaygroup.com\/en\/wp-json\/wp\/v2\/product\/3579","targetHints":{"allow":["GET"]}}],"collection":[{"href":"https:\/\/sarbaygroup.com\/en\/wp-json\/wp\/v2\/product"}],"about":[{"href":"https:\/\/sarbaygroup.com\/en\/wp-json\/wp\/v2\/types\/product"}],"replies":[{"embeddable":true,"href":"https:\/\/sarbaygroup.com\/en\/wp-json\/wp\/v2\/comments?post=3579"}],"wp:featuredmedia":[{"embeddable":true,"href":"https:\/\/sarbaygroup.com\/en\/wp-json\/wp\/v2\/media\/3580"}],"wp:attachment":[{"href":"https:\/\/sarbaygroup.com\/en\/wp-json\/wp\/v2\/media?parent=3579"}],"wp:term":[{"taxonomy":"product_cat","embeddable":true,"href":"https:\/\/sarbaygroup.com\/en\/wp-json\/wp\/v2\/product_cat?post=3579"},{"taxonomy":"product_tag","embeddable":true,"href":"https:\/\/sarbaygroup.com\/en\/wp-json\/wp\/v2\/product_tag?post=3579"}],"curies":[{"name":"wp","href":"https:\/\/api.w.org\/{rel}","templated":true}]}}