{"id":3575,"date":"2024-10-04T11:06:40","date_gmt":"2024-10-04T11:06:40","guid":{"rendered":"https:\/\/sarbaygroup.com\/en\/?post_type=product&#038;p=3575"},"modified":"2024-10-04T11:07:58","modified_gmt":"2024-10-04T11:07:58","slug":"beyaz-dari","status":"publish","type":"product","link":"https:\/\/sarbaygroup.com\/en\/urunler\/beyaz-dari\/","title":{"rendered":"BEYAZ DARI"},"content":{"rendered":"<p><span>Beyaz dar\u0131, Ukrayna&#8217;n\u0131n ba\u015fl\u0131ca tah\u0131l \u00fcr\u00fcnlerinden biri olup, de\u011feri g\u0131da, yem, ila\u00e7, bira, mikrobiyoloji ve end\u00fcstriyel sekt\u00f6rlerde i\u015flenmi\u015f \u00fcr\u00fcnlerin neredeyse hi\u00e7 at\u0131k olu\u015fturmadan kullan\u0131lmas\u0131yla belirleniyor.\u00a0<\/span><\/p>\n<p><span>Dar\u0131 hammaddesi yem \u00fcretiminde yayg\u0131n olarak kullan\u0131lmaktad\u0131r: Tah\u0131l ve i\u015flenmi\u015f \u00fcr\u00fcnleri hayvanc\u0131l\u0131k i\u00e7in de\u011ferli bir yemdir.<\/span><\/p>\n\n    <div class=\"xs_social_share_widget xs_share_url after_content \t\tmain_content  wslu-style-1 wslu-share-box-shaped wslu-fill-colored wslu-none wslu-share-horizontal wslu-theme-font-no wslu-main_content\">\n\n\t\t\n        <ul>\n\t\t\t        <\/ul>\n    <\/div> \n","protected":false},"excerpt":{"rendered":"<div class=\"products__description\">\n<div class=\"products__label\">\n<div class=\"products__label\">\n<div class=\"products__label\"><span>Ba\u015fl\u0131ca \u00f6zellikleri:<\/span><\/div>\n<div class=\"products__wrap\">\n<div class=\"products__properties\"><span>Nem: %13,5&#8217;e kadar<\/span><\/div>\n<div class=\"products__properties\"><span>Yabanc\u0131 safs\u0131zl\u0131klar: %3,5&#8217;e kadar<\/span><\/div>\n<div class=\"products__properties\"><span>Tah\u0131l kirlili\u011fi: %8&#8217;e kadar<\/span><\/div>\n<\/div>\n<\/div>\n<\/div>\n<\/div>\n","protected":false},"featured_media":3576,"comment_status":"closed","ping_status":"closed","template":"","meta":{"_monsterinsights_skip_tracking":false,"_monsterinsights_sitenote_active":false,"_monsterinsights_sitenote_note":"","_monsterinsights_sitenote_category":0},"product_cat":[32],"product_tag":[143,144],"class_list":{"0":"post-3575","1":"product","2":"type-product","3":"status-publish","4":"has-post-thumbnail","6":"product_cat-bakliyat","7":"product_tag-dari","8":"product_tag-beyaz-dari","10":"first","11":"instock","12":"shipping-taxable","13":"product-type-simple"},"aioseo_notices":[],"_links":{"self":[{"href":"https:\/\/sarbaygroup.com\/en\/wp-json\/wp\/v2\/product\/3575","targetHints":{"allow":["GET"]}}],"collection":[{"href":"https:\/\/sarbaygroup.com\/en\/wp-json\/wp\/v2\/product"}],"about":[{"href":"https:\/\/sarbaygroup.com\/en\/wp-json\/wp\/v2\/types\/product"}],"replies":[{"embeddable":true,"href":"https:\/\/sarbaygroup.com\/en\/wp-json\/wp\/v2\/comments?post=3575"}],"wp:featuredmedia":[{"embeddable":true,"href":"https:\/\/sarbaygroup.com\/en\/wp-json\/wp\/v2\/media\/3576"}],"wp:attachment":[{"href":"https:\/\/sarbaygroup.com\/en\/wp-json\/wp\/v2\/media?parent=3575"}],"wp:term":[{"taxonomy":"product_cat","embeddable":true,"href":"https:\/\/sarbaygroup.com\/en\/wp-json\/wp\/v2\/product_cat?post=3575"},{"taxonomy":"product_tag","embeddable":true,"href":"https:\/\/sarbaygroup.com\/en\/wp-json\/wp\/v2\/product_tag?post=3575"}],"curies":[{"name":"wp","href":"https:\/\/api.w.org\/{rel}","templated":true}]}}