{"id":3573,"date":"2024-10-04T10:59:27","date_gmt":"2024-10-04T10:59:27","guid":{"rendered":"https:\/\/sarbaygroup.com\/en\/?post_type=product&#038;p=3573"},"modified":"2024-10-04T11:01:50","modified_gmt":"2024-10-04T11:01:50","slug":"siyah-dari","status":"publish","type":"product","link":"https:\/\/sarbaygroup.com\/en\/urunler\/siyah-dari\/","title":{"rendered":"S\u0130YAH DARI"},"content":{"rendered":"<p><span>Siyah dar\u0131, Ukrayna tah\u0131l pazar\u0131nda k\u0131sa bir s\u00fcre \u00f6nce ortaya \u00e7\u0131kan ve hemen yabanc\u0131 pazarlar\u0131 fetheden de\u011ferli bir ni\u015f \u00fcr\u00fcnd\u00fcr.<\/span><br \/>\n<span>Genellikle \u00f6t\u00fcc\u00fc ku\u015f yemi i\u00e7in tah\u0131l kar\u0131\u015f\u0131mlar\u0131nda kullan\u0131l\u0131r.<\/span><br \/>\n<span>Siyah dar\u0131 ve yeti\u015ftirme teknolojisi di\u011fer dar\u0131 t\u00fcrlerine benzerdir, ancak siyah dar\u0131 tohumlar\u0131n\u0131n verimi daha y\u00fcksektir ve bu da onu yeti\u015ftirme i\u00e7in cazip hale getirir.<\/span><\/p>\n\n    <div class=\"xs_social_share_widget xs_share_url after_content \t\tmain_content  wslu-style-1 wslu-share-box-shaped wslu-fill-colored wslu-none wslu-share-horizontal wslu-theme-font-no wslu-main_content\">\n\n\t\t\n        <ul>\n\t\t\t        <\/ul>\n    <\/div> \n","protected":false},"excerpt":{"rendered":"<div class=\"products__description\">\n<div class=\"products__label\">\n<div class=\"products__label\"><span>Ba\u015fl\u0131ca \u00f6zellikleri:<\/span><\/div>\n<div class=\"products__wrap\">\n<div class=\"products__properties\"><span>Nem: %13,5&#8217;e kadar<\/span><\/div>\n<div class=\"products__properties\"><span>Yabanc\u0131 safs\u0131zl\u0131klar: %3,5&#8217;e kadar<\/span><\/div>\n<div class=\"products__properties\"><span>Tah\u0131l kirlili\u011fi: %8&#8217;e kadar<\/span><\/div>\n<\/div>\n<\/div>\n<\/div>\n","protected":false},"featured_media":3571,"comment_status":"closed","ping_status":"closed","template":"","meta":{"_monsterinsights_skip_tracking":false,"_monsterinsights_sitenote_active":false,"_monsterinsights_sitenote_note":"","_monsterinsights_sitenote_category":0},"product_cat":[32],"product_tag":[142,143],"class_list":{"0":"post-3573","1":"product","2":"type-product","3":"status-publish","4":"has-post-thumbnail","6":"product_cat-bakliyat","7":"product_tag-siyah-dari","8":"product_tag-dari","10":"first","11":"instock","12":"shipping-taxable","13":"product-type-simple"},"aioseo_notices":[],"_links":{"self":[{"href":"https:\/\/sarbaygroup.com\/en\/wp-json\/wp\/v2\/product\/3573","targetHints":{"allow":["GET"]}}],"collection":[{"href":"https:\/\/sarbaygroup.com\/en\/wp-json\/wp\/v2\/product"}],"about":[{"href":"https:\/\/sarbaygroup.com\/en\/wp-json\/wp\/v2\/types\/product"}],"replies":[{"embeddable":true,"href":"https:\/\/sarbaygroup.com\/en\/wp-json\/wp\/v2\/comments?post=3573"}],"wp:featuredmedia":[{"embeddable":true,"href":"https:\/\/sarbaygroup.com\/en\/wp-json\/wp\/v2\/media\/3571"}],"wp:attachment":[{"href":"https:\/\/sarbaygroup.com\/en\/wp-json\/wp\/v2\/media?parent=3573"}],"wp:term":[{"taxonomy":"product_cat","embeddable":true,"href":"https:\/\/sarbaygroup.com\/en\/wp-json\/wp\/v2\/product_cat?post=3573"},{"taxonomy":"product_tag","embeddable":true,"href":"https:\/\/sarbaygroup.com\/en\/wp-json\/wp\/v2\/product_tag?post=3573"}],"curies":[{"name":"wp","href":"https:\/\/api.w.org\/{rel}","templated":true}]}}