{"id":3570,"date":"2024-10-04T10:30:05","date_gmt":"2024-10-04T10:30:05","guid":{"rendered":"https:\/\/sarbaygroup.com\/en\/?post_type=product&#038;p=3570"},"modified":"2024-10-04T10:31:18","modified_gmt":"2024-10-04T10:31:18","slug":"kisnis","status":"publish","type":"product","link":"https:\/\/sarbaygroup.com\/en\/urunler\/kisnis\/","title":{"rendered":"K\u0130\u015eN\u0130\u015e"},"content":{"rendered":"<p><span>Ki\u015fni\u015f, \u015femsiyegiller familyas\u0131ndan, k\u00fclt\u00fcr\u00fc yap\u0131lan y\u0131ll\u0131k otsu baharatl\u0131-aromatik bir bitkidir.\u00a0<\/span><\/p>\n<p><span>Ki\u015fni\u015f meyveleri u\u00e7ucu ya\u011f, terpenler, askorbik asit, fellandren ve pinen, ya\u011fl\u0131 ya\u011flar ve pektinler i\u00e7erir. Ki\u015fni\u015f meyvesinin ana aktif bile\u015fenlerinden biri u\u00e7ucu ya\u011fd\u0131r. Simen, borneol, linalool ve bunlar\u0131n esterlerini i\u00e7erir, bu nedenle t\u0131pta ve kozmetolojide kullan\u0131lan \u00e7e\u015fitli ila\u00e7lar\u0131n bir par\u00e7as\u0131 olan t\u0131bbi bir bitkisel \u00fcr\u00fcn olarak aktif olarak kullan\u0131l\u0131r.<\/span><\/p>\n<p><span>Ki\u015fni\u015f, t\u00fcm k\u0131talardaki farkl\u0131 \u00fclkelerin mutfaklar\u0131nda sayg\u0131 duyulan k\u00fcresel bir baharatt\u0131r. Baz\u0131 insanlar baharat olarak ye\u015fillikleri (ki\u015fni\u015f) tercih ederken, di\u011ferleri meyveleri tercih eder, ancak her iki baharat da kendi yollar\u0131yla e\u015fit derecede sa\u011fl\u0131kl\u0131 ve lezzetlidir. \u00d6\u011f\u00fct\u00fclm\u00fc\u015f ki\u015fni\u015f yemekleri tatland\u0131rmak i\u00e7in kullan\u0131l\u0131r: koruma i\u00e7in marine soslar\u0131na eklenir ve ayr\u0131ca \u015fekerleme end\u00fcstrisinde ekmek ve \u015fekerleme pi\u015firmek, \u015fekerleme ve re\u00e7el yapmak, \u015furuplar ve meyveli muslar yapmak i\u00e7in katk\u0131 maddesi olarak kullan\u0131l\u0131r.<\/span><\/p>\n<p><span>Ki\u015fni\u015f meyvesinden elde edilen u\u00e7ucu ya\u011f, parf\u00fcmeri sanayinde ve lik\u00f6r, cin ve baz\u0131 biralar\u0131n \u00fcretiminde kullan\u0131l\u0131r.<\/span><\/p>\n\n    <div class=\"xs_social_share_widget xs_share_url after_content \t\tmain_content  wslu-style-1 wslu-share-box-shaped wslu-fill-colored wslu-none wslu-share-horizontal wslu-theme-font-no wslu-main_content\">\n\n\t\t\n        <ul>\n\t\t\t        <\/ul>\n    <\/div> \n","protected":false},"excerpt":{"rendered":"<div class=\"products__description\">\n<div class=\"products__label\">\n<div class=\"products__label\"><span>Ba\u015fl\u0131ca \u00f6zellikleri:<\/span><\/div>\n<div class=\"products__wrap\">\n<div class=\"products__properties\"><span>Nem: %12&#8217;ye kadar<\/span><\/div>\n<div class=\"products__properties\"><span>Yabanc\u0131 safs\u0131zl\u0131klar: %2&#8217;ye kadar<\/span><\/div>\n<div class=\"products__properties\"><span>B\u00f6l\u00fcnm\u00fc\u015f meyveler: %15<\/span><\/div>\n<div class=\"products__properties\"><span>Esansiyel ya\u011f kirlili\u011fi: %10<\/span><\/div>\n<\/div>\n<\/div>\n<\/div>\n","protected":false},"featured_media":3571,"comment_status":"closed","ping_status":"closed","template":"","meta":{"_monsterinsights_skip_tracking":false,"_monsterinsights_sitenote_active":false,"_monsterinsights_sitenote_note":"","_monsterinsights_sitenote_category":0},"product_cat":[32],"product_tag":[141],"class_list":{"0":"post-3570","1":"product","2":"type-product","3":"status-publish","4":"has-post-thumbnail","6":"product_cat-bakliyat","7":"product_tag-kisnis","9":"first","10":"instock","11":"shipping-taxable","12":"product-type-simple"},"aioseo_notices":[],"_links":{"self":[{"href":"https:\/\/sarbaygroup.com\/en\/wp-json\/wp\/v2\/product\/3570","targetHints":{"allow":["GET"]}}],"collection":[{"href":"https:\/\/sarbaygroup.com\/en\/wp-json\/wp\/v2\/product"}],"about":[{"href":"https:\/\/sarbaygroup.com\/en\/wp-json\/wp\/v2\/types\/product"}],"replies":[{"embeddable":true,"href":"https:\/\/sarbaygroup.com\/en\/wp-json\/wp\/v2\/comments?post=3570"}],"wp:featuredmedia":[{"embeddable":true,"href":"https:\/\/sarbaygroup.com\/en\/wp-json\/wp\/v2\/media\/3571"}],"wp:attachment":[{"href":"https:\/\/sarbaygroup.com\/en\/wp-json\/wp\/v2\/media?parent=3570"}],"wp:term":[{"taxonomy":"product_cat","embeddable":true,"href":"https:\/\/sarbaygroup.com\/en\/wp-json\/wp\/v2\/product_cat?post=3570"},{"taxonomy":"product_tag","embeddable":true,"href":"https:\/\/sarbaygroup.com\/en\/wp-json\/wp\/v2\/product_tag?post=3570"}],"curies":[{"name":"wp","href":"https:\/\/api.w.org\/{rel}","templated":true}]}}