{"id":3568,"date":"2024-10-04T10:27:18","date_gmt":"2024-10-04T10:27:18","guid":{"rendered":"https:\/\/sarbaygroup.com\/en\/?post_type=product&#038;p=3568"},"modified":"2024-10-04T10:28:31","modified_gmt":"2024-10-04T10:28:31","slug":"altin-keten","status":"publish","type":"product","link":"https:\/\/sarbaygroup.com\/en\/urunler\/altin-keten\/","title":{"rendered":"ALTIN KETEN"},"content":{"rendered":"<p><span>Alt\u0131n keten, yemek pi\u015firmede ve t\u0131pta kullan\u0131lan \u00f6zel olarak yeti\u015ftirilen bir bitkinin tohumudur. Kahverengi ketenin aksine, alt\u0131n ketenin besin de\u011feri daha y\u00fcksektir ve tad\u0131 daha ho\u015f ve narindir. \u00c7ok miktarda lif, 4 B vitamini ve be\u015ften fazla mineral i\u00e7erir.\u00a0<\/span><\/p>\n<p><span>Keten tohumu, zengin mineral bile\u015fimi nedeniyle ila\u00e7 yap\u0131m\u0131nda ve diyet beslenmesinde kullan\u0131l\u0131r, \u00f6zellikle helva, su\u015fi kahvalt\u0131l\u0131k kar\u0131\u015f\u0131mlar\u0131 yap\u0131m\u0131nda, yemek ve unlu mamullerin s\u00fcslenmesinde kullan\u0131l\u0131r.<\/span><\/p>\n\n    <div class=\"xs_social_share_widget xs_share_url after_content \t\tmain_content  wslu-style-1 wslu-share-box-shaped wslu-fill-colored wslu-none wslu-share-horizontal wslu-theme-font-no wslu-main_content\">\n\n\t\t\n        <ul>\n\t\t\t        <\/ul>\n    <\/div> \n","protected":false},"excerpt":{"rendered":"<div class=\"products__description\">\n<div class=\"products__label\"><span>Ba\u015fl\u0131ca \u00f6zellikleri:<\/span><\/div>\n<div class=\"products__wrap\">\n<div class=\"products__properties\"><span>Nem: %9&#8217;a kadar<\/span><\/div>\n<div class=\"products__properties\"><span>Yabanc\u0131 safs\u0131zl\u0131klar: %2&#8217;ye kadar<\/span><\/div>\n<div class=\"products__properties\"><span>Ya\u011f kirlili\u011fi: %4&#8217;e kadar<\/span><\/div>\n<\/div>\n<\/div>\n","protected":false},"featured_media":3569,"comment_status":"closed","ping_status":"closed","template":"","meta":{"_monsterinsights_skip_tracking":false,"_monsterinsights_sitenote_active":false,"_monsterinsights_sitenote_note":"","_monsterinsights_sitenote_category":0},"product_cat":[32],"product_tag":[138,140],"class_list":{"0":"post-3568","1":"product","2":"type-product","3":"status-publish","4":"has-post-thumbnail","6":"product_cat-bakliyat","7":"product_tag-keten","8":"product_tag-altin-keten","10":"first","11":"instock","12":"shipping-taxable","13":"product-type-simple"},"aioseo_notices":[],"_links":{"self":[{"href":"https:\/\/sarbaygroup.com\/en\/wp-json\/wp\/v2\/product\/3568","targetHints":{"allow":["GET"]}}],"collection":[{"href":"https:\/\/sarbaygroup.com\/en\/wp-json\/wp\/v2\/product"}],"about":[{"href":"https:\/\/sarbaygroup.com\/en\/wp-json\/wp\/v2\/types\/product"}],"replies":[{"embeddable":true,"href":"https:\/\/sarbaygroup.com\/en\/wp-json\/wp\/v2\/comments?post=3568"}],"wp:featuredmedia":[{"embeddable":true,"href":"https:\/\/sarbaygroup.com\/en\/wp-json\/wp\/v2\/media\/3569"}],"wp:attachment":[{"href":"https:\/\/sarbaygroup.com\/en\/wp-json\/wp\/v2\/media?parent=3568"}],"wp:term":[{"taxonomy":"product_cat","embeddable":true,"href":"https:\/\/sarbaygroup.com\/en\/wp-json\/wp\/v2\/product_cat?post=3568"},{"taxonomy":"product_tag","embeddable":true,"href":"https:\/\/sarbaygroup.com\/en\/wp-json\/wp\/v2\/product_tag?post=3568"}],"curies":[{"name":"wp","href":"https:\/\/api.w.org\/{rel}","templated":true}]}}