{"id":3566,"date":"2024-10-04T10:21:44","date_gmt":"2024-10-04T10:21:44","guid":{"rendered":"https:\/\/sarbaygroup.com\/en\/?post_type=product&#038;p=3566"},"modified":"2024-10-04T10:26:05","modified_gmt":"2024-10-04T10:26:05","slug":"kahverengi-keten","status":"publish","type":"product","link":"https:\/\/sarbaygroup.com\/en\/urunler\/kahverengi-keten\/","title":{"rendered":"KAHVERENG\u0130 KETEN"},"content":{"rendered":"<p>Keten, en eski ekili y\u0131ll\u0131k otsu bitkilerden biridir. Ba\u015fl\u0131ca ekonomik de\u011feri, e\u011firme ve ya\u011f tohumu bitkisi olarak yeti\u015ftirilen sap ketenine atfedilir. Ad\u0131 Latince&#8217;den &#8220;en faydal\u0131&#8221; olarak \u00e7evrilir ve keten tohumlar\u0131 \u00e7oklu doymam\u0131\u015f ya\u011f asitleri (omega-3 ve omega-6 asitleri olan linoleik ve alfa-linoleik), proteinler, v\u00fccut i\u00e7in gerekli yararl\u0131 eser elementler ve vitaminler i\u00e7erdi\u011finden kendini tamamen hakl\u0131 \u00e7\u0131kar\u0131r, bu nedenle yemek pi\u015firmede, kozmetikte, halk ve resmi t\u0131pta yayg\u0131n olarak kullan\u0131l\u0131r.<\/p>\n<p>H\u0131zl\u0131 kuruyan keten tohumu ya\u011f\u0131 bir\u00e7ok sanayide kullan\u0131l\u0131r: boya ve vernik, matbaa, elektrik, deri ve ayakkab\u0131, sabun yap\u0131m\u0131, ka\u011f\u0131t, end\u00fcstriyel in\u015faat; kuruyan ya\u011f, vernik, macun, korozyon \u00f6nleyici kaplama, linolyum \u00fcretiminde.<\/p>\n<p>Ba\u015fl\u0131ca \u00f6zellikleri:<br \/>\nNem: %9&#8217;a kadar<br \/>\nYabanc\u0131 safs\u0131zl\u0131klar: %2&#8217;ye kadar<br \/>\nYa\u011f kirlili\u011fi: %4&#8217;e kadar<\/p>\n\n    <div class=\"xs_social_share_widget xs_share_url after_content \t\tmain_content  wslu-style-1 wslu-share-box-shaped wslu-fill-colored wslu-none wslu-share-horizontal wslu-theme-font-no wslu-main_content\">\n\n\t\t\n        <ul>\n\t\t\t        <\/ul>\n    <\/div> \n","protected":false},"excerpt":{"rendered":"<div class=\"products__description\"><\/div>\n<div class=\"products__label\"><\/div>\n<div class=\"products__wrap\">\n<div class=\"products__properties\">Nem: %9&#8217;a kadar<\/div>\n<div class=\"products__properties\">Yabanc\u0131 safs\u0131zl\u0131klar: %2&#8217;ye kadar<\/div>\n<div class=\"products__properties\">Ya\u011f kirlili\u011fi: %4&#8217;e kadar<\/div>\n<\/div>\n","protected":false},"featured_media":3567,"comment_status":"closed","ping_status":"closed","template":"","meta":{"_monsterinsights_skip_tracking":false,"_monsterinsights_sitenote_active":false,"_monsterinsights_sitenote_note":"","_monsterinsights_sitenote_category":0},"product_cat":[32],"product_tag":[138,139],"class_list":{"0":"post-3566","1":"product","2":"type-product","3":"status-publish","4":"has-post-thumbnail","6":"product_cat-bakliyat","7":"product_tag-keten","8":"product_tag-kahverengiketen","10":"first","11":"instock","12":"shipping-taxable","13":"product-type-simple"},"aioseo_notices":[],"_links":{"self":[{"href":"https:\/\/sarbaygroup.com\/en\/wp-json\/wp\/v2\/product\/3566","targetHints":{"allow":["GET"]}}],"collection":[{"href":"https:\/\/sarbaygroup.com\/en\/wp-json\/wp\/v2\/product"}],"about":[{"href":"https:\/\/sarbaygroup.com\/en\/wp-json\/wp\/v2\/types\/product"}],"replies":[{"embeddable":true,"href":"https:\/\/sarbaygroup.com\/en\/wp-json\/wp\/v2\/comments?post=3566"}],"wp:featuredmedia":[{"embeddable":true,"href":"https:\/\/sarbaygroup.com\/en\/wp-json\/wp\/v2\/media\/3567"}],"wp:attachment":[{"href":"https:\/\/sarbaygroup.com\/en\/wp-json\/wp\/v2\/media?parent=3566"}],"wp:term":[{"taxonomy":"product_cat","embeddable":true,"href":"https:\/\/sarbaygroup.com\/en\/wp-json\/wp\/v2\/product_cat?post=3566"},{"taxonomy":"product_tag","embeddable":true,"href":"https:\/\/sarbaygroup.com\/en\/wp-json\/wp\/v2\/product_tag?post=3566"}],"curies":[{"name":"wp","href":"https:\/\/api.w.org\/{rel}","templated":true}]}}