{"id":3455,"date":"2024-09-20T08:49:06","date_gmt":"2024-09-20T08:49:06","guid":{"rendered":"https:\/\/sarbaygroup.com\/en\/?post_type=product&#038;p=3455"},"modified":"2024-12-17T09:12:24","modified_gmt":"2024-12-17T09:12:24","slug":"pamuk-yagi-yuvarlak-sise-1-8-lt","status":"publish","type":"product","link":"https:\/\/sarbaygroup.com\/en\/urunler\/pamuk-yagi-yuvarlak-sise-1-8-lt\/","title":{"rendered":"COTTON OIL<br> 1.8 LT"},"content":{"rendered":"<p>Pamuk ya\u011f\u0131, pamuk tohumlar\u0131ndan elde edilen hafif ve sa\u011fl\u0131kl\u0131 bir bitkisel ya\u011fd\u0131r. Y\u00fcksek \u0131s\u0131ya dayan\u0131kl\u0131 yap\u0131s\u0131 sayesinde \u00f6zellikle k\u0131zartmalar i\u00e7in idealdir, ayr\u0131ca yemeklerde ve salatalarda da rahatl\u0131kla kullan\u0131labilir. Doymam\u0131\u015f ya\u011f asitleri bak\u0131m\u0131ndan zengin olan pamuk ya\u011f\u0131, kolesterol seviyelerini dengelemeye yard\u0131mc\u0131 olabilir ve kalp sa\u011fl\u0131\u011f\u0131n\u0131 destekler. \u0130\u00e7eri\u011finde bulunan E vitamini ile cilt sa\u011fl\u0131\u011f\u0131na da katk\u0131 sa\u011flar. N\u00f6tr tad\u0131 sayesinde yemeklerin do\u011fal lezzetini bozmadan m\u00fckemmel bir pi\u015firme deneyimi sunar.<\/p>\n<table width=\"839\">\n<tbody>\n<tr>\n<td style=\"text-align: center;\" width=\"202\"><span style=\"color: #008000;\"><strong>L\u0130TRE<\/strong><\/span><\/td>\n<td style=\"text-align: center;\" width=\"192\"><span style=\"color: #008000;\"><strong>KOL\u0130 \u0130\u00c7\u0130 ADET<\/strong><\/span><\/td>\n<td style=\"text-align: center;\" width=\"187\"><span style=\"color: #008000;\"><strong>KONTENIR \u0130\u00c7\u0130 KOL\u0130 M\u0130KTARI<\/strong><\/span><\/td>\n<td style=\"text-align: center;\" width=\"258\"><span style=\"color: #008000;\"><strong>KONTEYNIR \u015e\u0130\u015eE SAYISI<\/strong><\/span><\/td>\n<\/tr>\n<tr>\n<td>5 L\u0130TRE<\/td>\n<td style=\"text-align: center;\">4<\/td>\n<td style=\"text-align: center;\">1385<\/td>\n<td style=\"text-align: center;\">5540<\/td>\n<\/tr>\n<tr>\n<td>1.8 L\u0130TRE<\/td>\n<td style=\"text-align: center;\">6<\/td>\n<td style=\"text-align: center;\">2350<\/td>\n<td style=\"text-align: center;\">14100<\/td>\n<\/tr>\n<tr>\n<td>2 L\u0130TRE<\/td>\n<td style=\"text-align: center;\">9<\/td>\n<td style=\"text-align: center;\">1500<\/td>\n<td style=\"text-align: center;\">13500<\/td>\n<\/tr>\n<tr>\n<td>3 L\u0130TRE<\/td>\n<td style=\"text-align: center;\">6<\/td>\n<td style=\"text-align: center;\">1518<\/td>\n<td style=\"text-align: center;\">9108<\/td>\n<\/tr>\n<tr>\n<td>1 L\u0130TRE<\/td>\n<td style=\"text-align: center;\">12<\/td>\n<td style=\"text-align: center;\">2290<\/td>\n<td style=\"text-align: center;\">27480<\/td>\n<\/tr>\n<tr>\n<td>18 L\u0130TRE<\/td>\n<td style=\"text-align: center;\">1<\/td>\n<td style=\"text-align: center;\">1520<\/td>\n<td style=\"text-align: center;\">1520<\/td>\n<\/tr>\n<\/tbody>\n<\/table>\n\n    <div class=\"xs_social_share_widget xs_share_url after_content \t\tmain_content  wslu-style-1 wslu-share-box-shaped wslu-fill-colored wslu-none wslu-share-horizontal wslu-theme-font-no wslu-main_content\">\n\n\t\t\n        <ul>\n\t\t\t        <\/ul>\n    <\/div> \n","protected":false},"excerpt":{"rendered":"<h6>Lezzetli yemekler, m\u00fckemmel hamurlar ve alt\u0131n rengi k\u0131zartmalar i\u00e7in en iyi tercih: pamuk ya\u011f\u0131! Sitemizden alabilece\u011finiz y\u00fcksek kaliteli pamuk ya\u011f\u0131, yemeklerinize hafif ve n\u00f6tr bir lezzet katar, hamurlar\u0131n\u0131z\u0131n k\u0131vam\u0131n\u0131 m\u00fckemmelle\u015ftirir<\/h6>\n<p>&nbsp;<\/p>\n<table border=\"0\" cellspacing=\"0\" cellpadding=\"0\">\n<tbody>\n<tr>\n<td><strong>Enerji ve Besin \u00d6\u011feleri<\/strong><\/td>\n<td>100 g<\/td>\n<\/tr>\n<\/tbody>\n<\/table>\n<p>&nbsp;<\/p>\n<table border=\"0\" cellspacing=\"0\" cellpadding=\"0\">\n<tbody>\n<tr>\n<td><strong>Enerji<\/strong><\/td>\n<td>900 kcal (3700kj)<\/td>\n<\/tr>\n<\/tbody>\n<\/table>\n<p>&nbsp;<\/p>\n<table border=\"0\" cellspacing=\"0\" cellpadding=\"0\">\n<tbody>\n<tr>\n<td><strong>Protein<\/strong><\/td>\n<td>0 g<\/td>\n<\/tr>\n<\/tbody>\n<\/table>\n<p>&nbsp;<\/p>\n<table border=\"0\" cellspacing=\"0\" cellpadding=\"0\">\n<tbody>\n<tr>\n<td><strong>Tekli Doymam\u0131\u015f Ya\u011f Asitleri<\/strong><\/td>\n<td>28.0 g<\/td>\n<\/tr>\n<\/tbody>\n<\/table>\n<p>&nbsp;<\/p>\n<table border=\"0\" cellspacing=\"0\" cellpadding=\"0\">\n<tbody>\n<tr>\n<td><strong>\u00c7oklu Doymam\u0131\u015f Ya\u011f Asitleri<\/strong><\/td>\n<td>58 g<\/td>\n<\/tr>\n<\/tbody>\n<\/table>\n<p>&nbsp;<\/p>\n<table border=\"0\" cellspacing=\"0\" cellpadding=\"0\">\n<tbody>\n<tr>\n<td><strong>Doymu\u015f Ya\u011f Asitleri<\/strong><\/td>\n<td>14 g<\/td>\n<\/tr>\n<\/tbody>\n<\/table>\n<p>&nbsp;<\/p>\n<table border=\"0\" cellspacing=\"0\" cellpadding=\"0\">\n<tbody>\n<tr>\n<td><strong>Trans Ya\u011f Asitleri<\/strong><\/td>\n<td>0 g<\/td>\n<\/tr>\n<\/tbody>\n<\/table>\n<p>&nbsp;<\/p>\n<table border=\"0\" cellspacing=\"0\" cellpadding=\"0\">\n<tbody>\n<tr>\n<td><strong>Kolesterol<\/strong><\/td>\n<td>0 mg<\/td>\n<\/tr>\n<\/tbody>\n<\/table>\n<p>&nbsp;<\/p>\n<table border=\"0\" cellspacing=\"0\" cellpadding=\"0\">\n<tbody>\n<tr>\n<td><strong>Karbonhidrat<\/strong><\/td>\n<td>0 g<\/td>\n<\/tr>\n<\/tbody>\n<\/table>\n<p>&nbsp;<\/p>\n","protected":false},"featured_media":3437,"comment_status":"closed","ping_status":"closed","template":"","meta":{"_monsterinsights_skip_tracking":false,"_monsterinsights_sitenote_active":false,"_monsterinsights_sitenote_note":"","_monsterinsights_sitenote_category":0},"product_cat":[126],"product_tag":[198,206,205,204,203,202,201,200,199,46,197,196,180,178,176,135,134],"class_list":{"0":"post-3455","1":"product","2":"type-product","3":"status-publish","4":"has-post-thumbnail","6":"product_cat-pamuk-yagi","7":"product_tag-rafine-pamuk-yagi","8":"product_tag-dogal-yemeklik-yag","9":"product_tag-kolesterol-dostu-yag","10":"product_tag-pamuk-yagi-markalari","11":"product_tag-pamuk-yagi-uretimi","12":"product_tag-e-vitamini-zengini-yag","13":"product_tag-hafif-pamuk-yagi","14":"product_tag-pamuk-yagi-faydalari","15":"product_tag-saglikli-pamuk-yagi","16":"product_tag-bitkisel-yag","17":"product_tag-yemeklik-pamuk-yagi","18":"product_tag-0-dogal-pamuk-yagi","19":"product_tag-pisirme-yagi","20":"product_tag-kizartmalik-yag","21":"product_tag-yuksek-isiya-dayanikli-yag","22":"product_tag-1-8-lt-pamuk-yagi","23":"product_tag-pamuk-yagi","25":"first","26":"instock","27":"shipping-taxable","28":"product-type-simple"},"aioseo_notices":[],"_links":{"self":[{"href":"https:\/\/sarbaygroup.com\/en\/wp-json\/wp\/v2\/product\/3455","targetHints":{"allow":["GET"]}}],"collection":[{"href":"https:\/\/sarbaygroup.com\/en\/wp-json\/wp\/v2\/product"}],"about":[{"href":"https:\/\/sarbaygroup.com\/en\/wp-json\/wp\/v2\/types\/product"}],"replies":[{"embeddable":true,"href":"https:\/\/sarbaygroup.com\/en\/wp-json\/wp\/v2\/comments?post=3455"}],"wp:featuredmedia":[{"embeddable":true,"href":"https:\/\/sarbaygroup.com\/en\/wp-json\/wp\/v2\/media\/3437"}],"wp:attachment":[{"href":"https:\/\/sarbaygroup.com\/en\/wp-json\/wp\/v2\/media?parent=3455"}],"wp:term":[{"taxonomy":"product_cat","embeddable":true,"href":"https:\/\/sarbaygroup.com\/en\/wp-json\/wp\/v2\/product_cat?post=3455"},{"taxonomy":"product_tag","embeddable":true,"href":"https:\/\/sarbaygroup.com\/en\/wp-json\/wp\/v2\/product_tag?post=3455"}],"curies":[{"name":"wp","href":"https:\/\/api.w.org\/{rel}","templated":true}]}}