{"id":3444,"date":"2024-09-20T08:09:28","date_gmt":"2024-09-20T08:09:28","guid":{"rendered":"https:\/\/sarbaygroup.com\/en\/?post_type=product&#038;p=3444"},"modified":"2024-12-17T09:09:40","modified_gmt":"2024-12-17T09:09:40","slug":"misir-yagi-oval-sise-1-lt-2","status":"publish","type":"product","link":"https:\/\/sarbaygroup.com\/en\/urunler\/misir-yagi-oval-sise-1-lt-2\/","title":{"rendered":"CORN OIL <br> 1 LT"},"content":{"rendered":"<p>M\u0131s\u0131r ya\u011f\u0131, hem lezzeti hem de sa\u011fl\u0131k yararlar\u0131yla \u00f6ne \u00e7\u0131kan bir bitkisel ya\u011fd\u0131r. M\u0131s\u0131r tanelerinden elde edilen bu ya\u011f, doymam\u0131\u015f ya\u011f asitleri a\u00e7\u0131s\u0131ndan zengindir ve \u00f6zellikle kalp sa\u011fl\u0131\u011f\u0131 i\u00e7in faydal\u0131 kabul edilir. Hafif tad\u0131 ve y\u00fcksek \u0131s\u0131ya dayan\u0131kl\u0131l\u0131\u011f\u0131 sayesinde k\u0131zartmalardan salatalara kadar pek \u00e7ok yemekte kullan\u0131labilir. Ayn\u0131 zamanda i\u00e7erdi\u011fi E vitamini sayesinde cilt sa\u011fl\u0131\u011f\u0131n\u0131 destekler ve antioksidan \u00f6zellik g\u00f6sterir. Mutfaklar\u0131n vazge\u00e7ilmezi olan m\u0131s\u0131r ya\u011f\u0131, do\u011fal bir enerji kayna\u011f\u0131 olarak g\u00fcnl\u00fck beslenmede sa\u011fl\u0131kl\u0131 bir alternatif sunar.<\/p>\n<table width=\"839\">\n<tbody>\n<tr>\n<td style=\"text-align: center;\" width=\"202\"><span style=\"color: #008000;\"><strong>L\u0130TRE<\/strong><\/span><\/td>\n<td style=\"text-align: center;\" width=\"192\"><span style=\"color: #008000;\"><strong>KOL\u0130 \u0130\u00c7\u0130 ADET<\/strong><\/span><\/td>\n<td style=\"text-align: center;\" width=\"187\"><span style=\"color: #008000;\"><strong>KONTENIR \u0130\u00c7\u0130 KOL\u0130 M\u0130KTARI<\/strong><\/span><\/td>\n<td style=\"text-align: center;\" width=\"258\"><span style=\"color: #008000;\"><strong>KONTEYNIR \u015e\u0130\u015eE SAYISI<\/strong><\/span><\/td>\n<\/tr>\n<tr>\n<td>5 L\u0130TRE<\/td>\n<td style=\"text-align: center;\">4<\/td>\n<td style=\"text-align: center;\">1385<\/td>\n<td style=\"text-align: center;\">5540<\/td>\n<\/tr>\n<tr>\n<td>1.8 L\u0130TRE<\/td>\n<td style=\"text-align: center;\">6<\/td>\n<td style=\"text-align: center;\">2350<\/td>\n<td style=\"text-align: center;\">14100<\/td>\n<\/tr>\n<tr>\n<td>2 L\u0130TRE<\/td>\n<td style=\"text-align: center;\">9<\/td>\n<td style=\"text-align: center;\">1500<\/td>\n<td style=\"text-align: center;\">13500<\/td>\n<\/tr>\n<tr>\n<td>3 L\u0130TRE<\/td>\n<td style=\"text-align: center;\">6<\/td>\n<td style=\"text-align: center;\">1518<\/td>\n<td style=\"text-align: center;\">9108<\/td>\n<\/tr>\n<tr>\n<td>1 L\u0130TRE<\/td>\n<td style=\"text-align: center;\">12<\/td>\n<td style=\"text-align: center;\">2290<\/td>\n<td style=\"text-align: center;\">27480<\/td>\n<\/tr>\n<tr>\n<td>18 L\u0130TRE<\/td>\n<td style=\"text-align: center;\">1<\/td>\n<td style=\"text-align: center;\">1520<\/td>\n<td style=\"text-align: center;\">1520<\/td>\n<\/tr>\n<\/tbody>\n<\/table>\n\n    <div class=\"xs_social_share_widget xs_share_url after_content \t\tmain_content  wslu-style-1 wslu-share-box-shaped wslu-fill-colored wslu-none wslu-share-horizontal wslu-theme-font-no wslu-main_content\">\n\n\t\t\n        <ul>\n\t\t\t        <\/ul>\n    <\/div> \n","protected":false},"excerpt":{"rendered":"<h6>Lezzetli yemekler, m\u00fckemmel hamurlar ve alt\u0131n rengi k\u0131zartmalar i\u00e7in en iyi tercih: m\u0131s\u0131r ya\u011f\u0131! Sitemizden alabilece\u011finiz y\u00fcksek kaliteli ay\u00e7i\u00e7ek ya\u011f\u0131, yemeklerinize hafif ve n\u00f6tr bir lezzet katar, hamurlar\u0131n\u0131z\u0131n k\u0131vam\u0131n\u0131 m\u00fckemmelle\u015ftirir<\/h6>\n<p>&nbsp;<\/p>\n<table border=\"0\" cellspacing=\"0\" cellpadding=\"0\">\n<tbody>\n<tr>\n<td><strong>Enerji ve Besin \u00d6\u011feleri<\/strong><\/td>\n<td>100 g<\/td>\n<\/tr>\n<\/tbody>\n<\/table>\n<p>&nbsp;<\/p>\n<table border=\"0\" cellspacing=\"0\" cellpadding=\"0\">\n<tbody>\n<tr>\n<td><strong>Enerji<\/strong><\/td>\n<td>900 kcal (3700kj)<\/td>\n<\/tr>\n<\/tbody>\n<\/table>\n<p>&nbsp;<\/p>\n<table border=\"0\" cellspacing=\"0\" cellpadding=\"0\">\n<tbody>\n<tr>\n<td><strong>Protein<\/strong><\/td>\n<td>0 g<\/td>\n<\/tr>\n<\/tbody>\n<\/table>\n<p>&nbsp;<\/p>\n<table border=\"0\" cellspacing=\"0\" cellpadding=\"0\">\n<tbody>\n<tr>\n<td><strong>Tekli Doymam\u0131\u015f Ya\u011f Asitleri<\/strong><\/td>\n<td>28.0 g<\/td>\n<\/tr>\n<\/tbody>\n<\/table>\n<p>&nbsp;<\/p>\n<table border=\"0\" cellspacing=\"0\" cellpadding=\"0\">\n<tbody>\n<tr>\n<td><strong>\u00c7oklu Doymam\u0131\u015f Ya\u011f Asitleri<\/strong><\/td>\n<td>58 g<\/td>\n<\/tr>\n<\/tbody>\n<\/table>\n<p>&nbsp;<\/p>\n<table border=\"0\" cellspacing=\"0\" cellpadding=\"0\">\n<tbody>\n<tr>\n<td><strong>Doymu\u015f Ya\u011f Asitleri<\/strong><\/td>\n<td>14 g<\/td>\n<\/tr>\n<\/tbody>\n<\/table>\n<p>&nbsp;<\/p>\n<table border=\"0\" cellspacing=\"0\" cellpadding=\"0\">\n<tbody>\n<tr>\n<td><strong>Trans Ya\u011f Asitleri<\/strong><\/td>\n<td>0 g<\/td>\n<\/tr>\n<\/tbody>\n<\/table>\n<p>&nbsp;<\/p>\n<table border=\"0\" cellspacing=\"0\" cellpadding=\"0\">\n<tbody>\n<tr>\n<td><strong>Kolesterol<\/strong><\/td>\n<td>0 mg<\/td>\n<\/tr>\n<\/tbody>\n<\/table>\n<p>&nbsp;<\/p>\n<table border=\"0\" cellspacing=\"0\" cellpadding=\"0\">\n<tbody>\n<tr>\n<td><strong>Karbonhidrat<\/strong><\/td>\n<td>0 g<\/td>\n<\/tr>\n<\/tbody>\n<\/table>\n<p>&nbsp;<\/p>\n","protected":false},"featured_media":3432,"comment_status":"closed","ping_status":"closed","template":"","meta":{"_monsterinsights_skip_tracking":false,"_monsterinsights_sitenote_active":false,"_monsterinsights_sitenote_note":"","_monsterinsights_sitenote_category":0},"product_cat":[125],"product_tag":[187,195,194,193,192,191,190,189,188,46,186,185,184,180,176,128,127],"class_list":{"0":"post-3444","1":"product","2":"type-product","3":"status-publish","4":"has-post-thumbnail","6":"product_cat-misir-yagi","7":"product_tag-saglikli-misir-yagi","8":"product_tag-kolesterol-dostu-misir-yagi","9":"product_tag-doymamis-yag","10":"product_tag-misir-yagi-markalari","11":"product_tag-omega-6-misir-yagi","12":"product_tag-misir-yagi-uretimi","13":"product_tag-misir-yagi-faydalari","14":"product_tag-kizartmalik-misir-yagi","15":"product_tag-hafif-misir-yagi","16":"product_tag-bitkisel-yag","17":"product_tag-yemeklik-misir-yagi","18":"product_tag-rafine-misir-yagi","19":"product_tag-0-dogal-misir-yagi","20":"product_tag-pisirme-yagi","21":"product_tag-yuksek-isiya-dayanikli-yag","22":"product_tag-misir-yagi","23":"product_tag-1-lt-misir-yagi","25":"first","26":"instock","27":"shipping-taxable","28":"product-type-simple"},"aioseo_notices":[],"_links":{"self":[{"href":"https:\/\/sarbaygroup.com\/en\/wp-json\/wp\/v2\/product\/3444","targetHints":{"allow":["GET"]}}],"collection":[{"href":"https:\/\/sarbaygroup.com\/en\/wp-json\/wp\/v2\/product"}],"about":[{"href":"https:\/\/sarbaygroup.com\/en\/wp-json\/wp\/v2\/types\/product"}],"replies":[{"embeddable":true,"href":"https:\/\/sarbaygroup.com\/en\/wp-json\/wp\/v2\/comments?post=3444"}],"wp:featuredmedia":[{"embeddable":true,"href":"https:\/\/sarbaygroup.com\/en\/wp-json\/wp\/v2\/media\/3432"}],"wp:attachment":[{"href":"https:\/\/sarbaygroup.com\/en\/wp-json\/wp\/v2\/media?parent=3444"}],"wp:term":[{"taxonomy":"product_cat","embeddable":true,"href":"https:\/\/sarbaygroup.com\/en\/wp-json\/wp\/v2\/product_cat?post=3444"},{"taxonomy":"product_tag","embeddable":true,"href":"https:\/\/sarbaygroup.com\/en\/wp-json\/wp\/v2\/product_tag?post=3444"}],"curies":[{"name":"wp","href":"https:\/\/api.w.org\/{rel}","templated":true}]}}