{"id":3400,"date":"2024-09-04T08:42:48","date_gmt":"2024-09-04T08:42:48","guid":{"rendered":"https:\/\/sarbaygroup.com\/en\/?post_type=product&#038;p=3400"},"modified":"2024-09-04T08:55:04","modified_gmt":"2024-09-04T08:55:04","slug":"akasya-bali","status":"publish","type":"product","link":"https:\/\/sarbaygroup.com\/en\/urunler\/akasya-bali\/","title":{"rendered":"Akasya Bal\u0131"},"content":{"rendered":"<p>\u00dcr\u00fcn Ambalaj\u0131\ua789 Cam Kavanoz<br \/>\nA\u011f\u0131rl\u0131k\ua789 400 gr<br \/>\nPaket Ba\u015f\u0131na Birim\ua789 12<br \/>\nPalet Ba\u015f\u0131na Paket\ua789 150<\/p>\n\n    <div class=\"xs_social_share_widget xs_share_url after_content \t\tmain_content  wslu-style-1 wslu-share-box-shaped wslu-fill-colored wslu-none wslu-share-horizontal wslu-theme-font-no wslu-main_content\">\n\n\t\t\n        <ul>\n\t\t\t        <\/ul>\n    <\/div> \n","protected":false},"excerpt":{"rendered":"<h6>D\u00f6kme ve paketlenmi\u015f olarak 25\/50 Kg&#8217;lik torbalarda sat\u0131lmaktad\u0131r.<\/h6>\n<p>&nbsp;<\/p>\n<table border=\"0\" cellspacing=\"0\" cellpadding=\"0\">\n<tbody>\n<tr>\n<td><strong>Moisture<\/strong><\/td>\n<td>14.0 % (max); \/ Size &#8211; 6 mm (min)<\/td>\n<\/tr>\n<\/tbody>\n<\/table>\n<table border=\"0\" cellspacing=\"0\" cellpadding=\"0\">\n<tbody>\n<tr>\n<td><strong>Foreign matter<\/strong><\/td>\n<td>0.5 &#8211; 2.0 % (max);<\/td>\n<\/tr>\n<\/tbody>\n<\/table>\n<table border=\"0\" cellspacing=\"0\" cellpadding=\"0\">\n<tbody>\n<tr>\n<td><strong>Broken and split<\/strong><\/td>\n<td>2.0 &#8211; 8.0 % (max);<\/td>\n<\/tr>\n<\/tbody>\n<\/table>\n<table border=\"0\" cellspacing=\"0\" cellpadding=\"0\">\n<tbody>\n<tr>\n<td><strong>Dirty<\/strong><\/td>\n<td>1.0 &#8211; 3.0 % (max);<\/td>\n<\/tr>\n<\/tbody>\n<\/table>\n<table border=\"0\" cellspacing=\"0\" cellpadding=\"0\">\n<tbody>\n<tr>\n<td>Damaged<\/td>\n<td>1.0 &#8211; 3.0 % (max);<\/td>\n<\/tr>\n<\/tbody>\n<\/table>\n<table border=\"0\" cellspacing=\"0\" cellpadding=\"0\">\n<tbody>\n<tr>\n<td><strong>Dirty<\/strong><\/td>\n<td>1.0 &#8211; 3.0 % (max);<\/td>\n<\/tr>\n<\/tbody>\n<\/table>\n<table border=\"0\" cellspacing=\"0\" cellpadding=\"0\">\n<tbody>\n<tr>\n<td>Damaged<\/td>\n<td>1.0 &#8211; 3.0 % (max);<\/td>\n<\/tr>\n<\/tbody>\n<\/table>\n<h6>Contamination by pests of grain stocks is<br \/>\nnot allowed. The main varieties of chickpeas of<br \/>\nthe Russian selection\ua789 Privo 1; Volgograd 5;<br \/>\nVolgograd 10; Volgograd 36; Krasnokutsky 36.<\/h6>\n","protected":false},"featured_media":3406,"comment_status":"closed","ping_status":"closed","template":"","meta":{"_monsterinsights_skip_tracking":false,"_monsterinsights_sitenote_active":false,"_monsterinsights_sitenote_note":"","_monsterinsights_sitenote_category":0},"product_cat":[36],"product_tag":[79],"class_list":{"0":"post-3400","1":"product","2":"type-product","3":"status-publish","4":"has-post-thumbnail","6":"product_cat-bal","7":"product_tag-nohut","9":"first","10":"instock","11":"shipping-taxable","12":"product-type-simple"},"aioseo_notices":[],"_links":{"self":[{"href":"https:\/\/sarbaygroup.com\/en\/wp-json\/wp\/v2\/product\/3400","targetHints":{"allow":["GET"]}}],"collection":[{"href":"https:\/\/sarbaygroup.com\/en\/wp-json\/wp\/v2\/product"}],"about":[{"href":"https:\/\/sarbaygroup.com\/en\/wp-json\/wp\/v2\/types\/product"}],"replies":[{"embeddable":true,"href":"https:\/\/sarbaygroup.com\/en\/wp-json\/wp\/v2\/comments?post=3400"}],"wp:featuredmedia":[{"embeddable":true,"href":"https:\/\/sarbaygroup.com\/en\/wp-json\/wp\/v2\/media\/3406"}],"wp:attachment":[{"href":"https:\/\/sarbaygroup.com\/en\/wp-json\/wp\/v2\/media?parent=3400"}],"wp:term":[{"taxonomy":"product_cat","embeddable":true,"href":"https:\/\/sarbaygroup.com\/en\/wp-json\/wp\/v2\/product_cat?post=3400"},{"taxonomy":"product_tag","embeddable":true,"href":"https:\/\/sarbaygroup.com\/en\/wp-json\/wp\/v2\/product_tag?post=3400"}],"curies":[{"name":"wp","href":"https:\/\/api.w.org\/{rel}","templated":true}]}}