{"id":3371,"date":"2024-09-04T07:55:42","date_gmt":"2024-09-04T07:55:42","guid":{"rendered":"https:\/\/sarbaygroup.com\/en\/?post_type=product&#038;p=3371"},"modified":"2024-10-04T18:08:22","modified_gmt":"2024-10-04T18:08:22","slug":"misir","status":"publish","type":"product","link":"https:\/\/sarbaygroup.com\/en\/urunler\/misir\/","title":{"rendered":"MISIR"},"content":{"rendered":"<p><span>M\u0131s\u0131r, hem Ukrayna&#8217;da hem de k\u00fcresel olarak bu\u011fday ve pirin\u00e7ten sonra \u00fc\u00e7\u00fcnc\u00fc s\u0131rada yer alan ana tah\u0131l \u00fcr\u00fcnlerinden biridir. \u00c7ok y\u00f6nl\u00fcl\u00fc\u011f\u00fc kullan\u0131mlar\u0131nda yatmaktad\u0131r: yem, teknik ve g\u0131da.\u00a0<\/span><\/p>\n<p><span>M\u0131s\u0131r, eski zamanlardan beri yiyecek olarak kullan\u0131lmaktad\u0131r. M\u0131s\u0131r unu, \u015fekerleme end\u00fcstrisinde bisk\u00fcvi, kurabiye ve g\u00fcve\u00e7 yapmak i\u00e7in kullan\u0131l\u0131r. Tah\u0131l, g\u0131da gevre\u011fi, patlam\u0131\u015f m\u0131s\u0131r, tah\u0131llar, g\u0131da ni\u015fastas\u0131, \u015furup ve \u015feker yapmak i\u00e7in kullan\u0131l\u0131r. Sadece y\u00fcksek kalorili bir g\u0131da de\u011fil ayn\u0131 zamanda t\u0131bbi \u00f6zelliklere de sahip olan tohumdan bitkisel ya\u011f \u00e7\u0131kar\u0131l\u0131r: kan kolesterol\u00fcn\u00fc d\u00fc\u015f\u00fcren ve aterosklerozu \u00f6nleyen lesitin i\u00e7erir.<\/span><\/p>\n<p><span>Ek olarak, m\u0131s\u0131r taneleri \u00e7e\u015fitli me\u015frubatlar, k\u00f6p\u00fcrmeyen biralar, gliserin, organik asitler (laktik, sitrik, asetik) ve etil alkol \u00fcretmek i\u00e7in kullan\u0131l\u0131r. Saplar\u0131 ve ko\u00e7anlar\u0131 ka\u011f\u0131t, sel\u00fcloz, aseton, metil alkol vb. \u00fcretmek i\u00e7in kullan\u0131l\u0131r. M\u0131s\u0131rdan 300&#8217;den fazla farkl\u0131 \u00fcr\u00fcn\u00fcn yap\u0131ld\u0131\u011f\u0131 ve bunlar\u0131n \u00e7o\u011funun da di\u011fer \u00fcr\u00fcnler i\u00e7in hammadde oldu\u011fu tahmin edilmektedir. \u00d6rne\u011fin, m\u0131s\u0131r \u015furubu kau\u00e7uk, boya, \u00e7e\u015fitli antiseptikler, ya\u011f \u00e7\u00f6z\u00fcc\u00fcler vb. yapmak i\u00e7in kullan\u0131l\u0131r.<\/span><\/p>\n<p><span>Yem bitkisi olarak hayvanlara kesif yem, silaj ve ye\u015fil yem sa\u011flamak amac\u0131yla kullan\u0131l\u0131r.<\/span><\/p>\n\n    <div class=\"xs_social_share_widget xs_share_url after_content \t\tmain_content  wslu-style-1 wslu-share-box-shaped wslu-fill-colored wslu-none wslu-share-horizontal wslu-theme-font-no wslu-main_content\">\n\n\t\t\n        <ul>\n\t\t\t        <\/ul>\n    <\/div> \n","protected":false},"excerpt":{"rendered":"<div class=\"products__label\">\n<div class=\"products__label\"><span>Ba\u015fl\u0131ca \u00f6zellikleri:<\/span><\/div>\n<div class=\"products__wrap\">\n<div class=\"products__properties\"><span>Nem: %15&#8217;e kadar<\/span><\/div>\n<div class=\"products__properties\"><span>Yabanc\u0131 safs\u0131zl\u0131klar: %2&#8217;ye kadar<\/span><\/div>\n<div class=\"products__properties\"><span>Tah\u0131l kirlili\u011fi: %7&#8217;ye kadar<\/span><\/div>\n<\/div>\n<\/div>\n","protected":false},"featured_media":3595,"comment_status":"closed","ping_status":"closed","template":"","meta":{"_monsterinsights_skip_tracking":false,"_monsterinsights_sitenote_active":false,"_monsterinsights_sitenote_note":"","_monsterinsights_sitenote_category":0},"product_cat":[32],"product_tag":[154],"class_list":{"0":"post-3371","1":"product","2":"type-product","3":"status-publish","4":"has-post-thumbnail","6":"product_cat-bakliyat","7":"product_tag-misir","9":"first","10":"instock","11":"shipping-taxable","12":"product-type-simple"},"aioseo_notices":[],"_links":{"self":[{"href":"https:\/\/sarbaygroup.com\/en\/wp-json\/wp\/v2\/product\/3371","targetHints":{"allow":["GET"]}}],"collection":[{"href":"https:\/\/sarbaygroup.com\/en\/wp-json\/wp\/v2\/product"}],"about":[{"href":"https:\/\/sarbaygroup.com\/en\/wp-json\/wp\/v2\/types\/product"}],"replies":[{"embeddable":true,"href":"https:\/\/sarbaygroup.com\/en\/wp-json\/wp\/v2\/comments?post=3371"}],"wp:featuredmedia":[{"embeddable":true,"href":"https:\/\/sarbaygroup.com\/en\/wp-json\/wp\/v2\/media\/3595"}],"wp:attachment":[{"href":"https:\/\/sarbaygroup.com\/en\/wp-json\/wp\/v2\/media?parent=3371"}],"wp:term":[{"taxonomy":"product_cat","embeddable":true,"href":"https:\/\/sarbaygroup.com\/en\/wp-json\/wp\/v2\/product_cat?post=3371"},{"taxonomy":"product_tag","embeddable":true,"href":"https:\/\/sarbaygroup.com\/en\/wp-json\/wp\/v2\/product_tag?post=3371"}],"curies":[{"name":"wp","href":"https:\/\/api.w.org\/{rel}","templated":true}]}}