{"id":3317,"date":"2024-09-02T09:37:47","date_gmt":"2024-09-02T09:37:47","guid":{"rendered":"https:\/\/sarbaygroup.com\/en\/?post_type=product&#038;p=3317"},"modified":"2024-09-02T10:02:49","modified_gmt":"2024-09-02T10:02:49","slug":"ketcap","status":"publish","type":"product","link":"https:\/\/sarbaygroup.com\/en\/urunler\/ketcap\/","title":{"rendered":"Ket\u00e7ap"},"content":{"rendered":"\n    <div class=\"xs_social_share_widget xs_share_url after_content \t\tmain_content  wslu-style-1 wslu-share-box-shaped wslu-fill-colored wslu-none wslu-share-horizontal wslu-theme-font-no wslu-main_content\">\n\n\t\t\n        <ul>\n\t\t\t        <\/ul>\n    <\/div> \n","protected":false},"excerpt":{"rendered":"<h6>lezzetinizi zirveye ta\u015f\u0131yan vazge\u00e7ilmez bir sos! M\u00fckemmel bir \u015fekilde dengelenmi\u015f tatl\u0131, ek\u015fi ve baharatl\u0131 aromalar\u0131yla yemeklerinizi adeta bir ziyafete d\u00f6n\u00fc\u015ft\u00fcr\u00fcr. \u0130ster patates k\u0131zartmas\u0131, hamburger, ister sandvi\u00e7 olsun, her lokmaya zengin bir tat katmak i\u00e7in ideal bir se\u00e7im.<\/h6>\n<table border=\"0\" cellspacing=\"0\" cellpadding=\"0\">\n<tbody>\n<tr>\n<td><strong>Paket<\/strong><\/td>\n<td><strong>A\u011f\u0131rl\u0131k<\/strong><\/td>\n<td><strong>Br\u00fct A\u011f\u0131rl\u0131k<\/strong><\/td>\n<td><strong>Koli Adet<\/strong><\/td>\n<td><strong>Koli br\u00fct<\/strong><\/td>\n<td><strong>Palet<\/strong><\/td>\n<\/tr>\n<\/tbody>\n<\/table>\n<table border=\"0\" cellspacing=\"0\" cellpadding=\"0\">\n<tbody>\n<tr>\n<td>Cam<\/td>\n<td>370 gr<\/td>\n<td>580 gr<\/td>\n<td>12<\/td>\n<td>7050 gr<\/td>\n<td>170<\/td>\n<\/tr>\n<\/tbody>\n<\/table>\n<table border=\"0\" cellspacing=\"0\" cellpadding=\"0\">\n<tbody>\n<tr>\n<td>Teneke<\/td>\n<td>410 gr<\/td>\n<td>470 gr<\/td>\n<td>24<\/td>\n<td>11400 gr<\/td>\n<td>90<\/td>\n<\/tr>\n<\/tbody>\n<\/table>\n<table border=\"0\" cellspacing=\"0\" cellpadding=\"0\">\n<tbody>\n<tr>\n<td>Cam<\/td>\n<td>700 gr<\/td>\n<td>1030 gr<\/td>\n<td>12<\/td>\n<td>12500 gr<\/td>\n<td>99<\/td>\n<\/tr>\n<\/tbody>\n<\/table>\n<table border=\"0\" cellspacing=\"0\" cellpadding=\"0\">\n<tbody>\n<tr>\n<td>Teneke<\/td>\n<td>830 gr<\/td>\n<td>928 gr<\/td>\n<td>12<\/td>\n<td>11300 gr<\/td>\n<td>100<\/td>\n<\/tr>\n<\/tbody>\n<\/table>\n<table border=\"0\" cellspacing=\"0\" cellpadding=\"0\">\n<tbody>\n<tr>\n<td>Pet<\/td>\n<td>1650 gr<\/td>\n<td>1786 gr<\/td>\n<td>6<\/td>\n<td>11000 gr<\/td>\n<td>90<\/td>\n<\/tr>\n<\/tbody>\n<\/table>\n<table border=\"0\" cellspacing=\"0\" cellpadding=\"0\">\n<tbody>\n<tr>\n<td>Pet<\/td>\n<td>3200 gr<\/td>\n<td>3385 gr<\/td>\n<td>4<\/td>\n<td>13800 gr<\/td>\n<td>80<\/td>\n<\/tr>\n<\/tbody>\n<\/table>\n<table border=\"0\" cellspacing=\"0\" cellpadding=\"0\">\n<tbody>\n<tr>\n<td>Pet \u015fi\u015fe<\/td>\n<td>4300 gr<\/td>\n<td>4516 gr<\/td>\n<td>4<\/td>\n<td>18400 gr<\/td>\n<td>60<\/td>\n<\/tr>\n<\/tbody>\n<\/table>\n<table border=\"0\" cellspacing=\"0\" cellpadding=\"0\">\n<tbody>\n<tr>\n<td>Teneke<\/td>\n<td>4350 gr<\/td>\n<td>4750 gr<\/td>\n<td>4<\/td>\n<td>19100 gr<\/td>\n<td>60<\/td>\n<\/tr>\n<\/tbody>\n<\/table>\n<table border=\"0\" cellspacing=\"0\" cellpadding=\"0\">\n<tbody>\n<tr>\n<td>Teneke<\/td>\n<td>9200 gr<\/td>\n<td>9820 gr<\/td>\n<td>&#8211;<\/td>\n<td>&#8211;<\/td>\n<td>100<\/td>\n<\/tr>\n<\/tbody>\n<\/table>\n","protected":false},"featured_media":3318,"comment_status":"closed","ping_status":"closed","template":"","meta":{"_monsterinsights_skip_tracking":false,"_monsterinsights_sitenote_active":false,"_monsterinsights_sitenote_note":"","_monsterinsights_sitenote_category":0},"product_cat":[40],"product_tag":[109],"class_list":{"0":"post-3317","1":"product","2":"type-product","3":"status-publish","4":"has-post-thumbnail","6":"product_cat-salca","7":"product_tag-ketcap","9":"first","10":"instock","11":"shipping-taxable","12":"product-type-simple"},"aioseo_notices":[],"_links":{"self":[{"href":"https:\/\/sarbaygroup.com\/en\/wp-json\/wp\/v2\/product\/3317","targetHints":{"allow":["GET"]}}],"collection":[{"href":"https:\/\/sarbaygroup.com\/en\/wp-json\/wp\/v2\/product"}],"about":[{"href":"https:\/\/sarbaygroup.com\/en\/wp-json\/wp\/v2\/types\/product"}],"replies":[{"embeddable":true,"href":"https:\/\/sarbaygroup.com\/en\/wp-json\/wp\/v2\/comments?post=3317"}],"wp:featuredmedia":[{"embeddable":true,"href":"https:\/\/sarbaygroup.com\/en\/wp-json\/wp\/v2\/media\/3318"}],"wp:attachment":[{"href":"https:\/\/sarbaygroup.com\/en\/wp-json\/wp\/v2\/media?parent=3317"}],"wp:term":[{"taxonomy":"product_cat","embeddable":true,"href":"https:\/\/sarbaygroup.com\/en\/wp-json\/wp\/v2\/product_cat?post=3317"},{"taxonomy":"product_tag","embeddable":true,"href":"https:\/\/sarbaygroup.com\/en\/wp-json\/wp\/v2\/product_tag?post=3317"}],"curies":[{"name":"wp","href":"https:\/\/api.w.org\/{rel}","templated":true}]}}