{"id":3284,"date":"2024-08-29T22:18:31","date_gmt":"2024-08-29T22:18:31","guid":{"rendered":"https:\/\/sarbaygroup.com\/en\/?post_type=product&#038;p=3284"},"modified":"2024-11-14T07:22:24","modified_gmt":"2024-11-14T07:22:24","slug":"orzo","status":"publish","type":"product","link":"https:\/\/sarbaygroup.com\/en\/urunler\/orzo\/","title":{"rendered":"Orzo"},"content":{"rendered":"<p><strong>Orzo<\/strong>; pirince benzeyen, k\u00fc\u00e7\u00fck, oval bi\u00e7imli bir makarna \u00e7e\u015fididir. Genellikle \u0130talyan mutfa\u011f\u0131nda kullan\u0131l\u0131r ve \u00e7orbalarda, salatalarda veya yan yemek olarak servis edilir. Orzo, pi\u015firildi\u011finde yumu\u015fak bir dokuya sahip olur ve bir\u00e7ok farkl\u0131 malzeme ile kolayca harmanlanabilir. Ayr\u0131ca, besin de\u011ferleri y\u00fcksek bir alternatif olarak da tercih edilir.<\/p>\n<p>PASTA PACKAGING AND LOADING DETAILS<\/p>\n<table border=\"0\" cellspacing=\"0\" cellpadding=\"0\">\n<tbody>\n<tr>\n<td><strong>DESCRIPTION<\/strong><\/td>\n<td><strong>Type of package \/Size<\/strong><\/td>\n<td><strong>Container<\/strong><\/td>\n<td><strong>Gr \/ Package<\/strong><\/td>\n<td><strong>Quantity in box<\/strong><\/td>\n<td><strong>Kg of the box<\/strong><\/td>\n<td><strong>Quantity Of<br \/>\nPackage<\/strong><\/td>\n<\/tr>\n<\/tbody>\n<\/table>\n<table border=\"0\" cellspacing=\"0\" cellpadding=\"0\">\n<tbody>\n<tr>\n<td>Carton Box<\/td>\n<td>40 Ft<\/td>\n<td>500<\/td>\n<td>20<\/td>\n<td>10<\/td>\n<td>46.000<\/td>\n<\/tr>\n<\/tbody>\n<tbody>\n<tr>\n<td>Carton Box<\/td>\n<td>20 Ft<\/td>\n<td>500<\/td>\n<td>20<\/td>\n<td>10<\/td>\n<td>54.600<\/td>\n<\/tr>\n<tr>\n<td>Carton Box<\/td>\n<td>20 Ft<\/td>\n<td>400<\/td>\n<td>20<\/td>\n<td>8<\/td>\n<td>65.000<\/td>\n<\/tr>\n<tr>\n<td>Carton Box<\/td>\n<td>20 Ft<\/td>\n<td>350<\/td>\n<td>20<\/td>\n<td>7<\/td>\n<td>85.000<\/td>\n<\/tr>\n<tr>\n<td>Carton Box<\/td>\n<td>20 Ft<\/td>\n<td>250<\/td>\n<td>40<\/td>\n<td>10<\/td>\n<td>104.000<\/td>\n<\/tr>\n<tr>\n<td>Carton Box<\/td>\n<td>20 Ft<\/td>\n<td>200<\/td>\n<td>40<\/td>\n<td>8<\/td>\n<td>130.000<\/td>\n<\/tr>\n<\/tbody>\n<\/table>\n\n    <div class=\"xs_social_share_widget xs_share_url after_content \t\tmain_content  wslu-style-1 wslu-share-box-shaped wslu-fill-colored wslu-none wslu-share-horizontal wslu-theme-font-no wslu-main_content\">\n\n\t\t\n        <ul>\n\t\t\t        <\/ul>\n    <\/div> \n","protected":false},"excerpt":{"rendered":"<table border=\"0\" cellspacing=\"0\" cellpadding=\"0\">\n<tbody>\n<tr>\n<td><strong>500 GR\u00a0\u00a0<\/strong><\/td>\n<td><strong>20DC PCS<\/strong><\/td>\n<td><strong>20DC KGS<\/strong><\/td>\n<td><strong>40DC PCS<\/strong><\/td>\n<td><strong>40DC KGS<\/strong><\/td>\n<\/tr>\n<\/tbody>\n<\/table>\n<table border=\"0\" cellspacing=\"0\" cellpadding=\"0\">\n<tbody>\n<tr>\n<td>500 GR<\/td>\n<td>1200<\/td>\n<td>12.000<\/td>\n<td>2700<\/td>\n<td>27.000<\/td>\n<\/tr>\n<\/tbody>\n<\/table>\n","protected":false},"featured_media":3285,"comment_status":"closed","ping_status":"closed","template":"","meta":{"_monsterinsights_skip_tracking":false,"_monsterinsights_sitenote_active":false,"_monsterinsights_sitenote_note":"","_monsterinsights_sitenote_category":0},"product_cat":[31],"product_tag":[94,95,96,97,98,99,101,102,103,104,208,212],"class_list":{"0":"post-3284","1":"product","2":"type-product","3":"status-publish","4":"has-post-thumbnail","6":"product_cat-makarnalar","7":"product_tag-makarna","8":"product_tag-fusili","9":"product_tag-charleston","10":"product_tag-elbow","11":"product_tag-shell","12":"product_tag-lumache","13":"product_tag-thimbles","14":"product_tag-spaghetti","15":"product_tag-orzo","16":"product_tag-vermicelli","17":"product_tag-pennerigate","18":"product_tag-middleelbow","20":"first","21":"instock","22":"shipping-taxable","23":"product-type-simple"},"aioseo_notices":[],"_links":{"self":[{"href":"https:\/\/sarbaygroup.com\/en\/wp-json\/wp\/v2\/product\/3284","targetHints":{"allow":["GET"]}}],"collection":[{"href":"https:\/\/sarbaygroup.com\/en\/wp-json\/wp\/v2\/product"}],"about":[{"href":"https:\/\/sarbaygroup.com\/en\/wp-json\/wp\/v2\/types\/product"}],"replies":[{"embeddable":true,"href":"https:\/\/sarbaygroup.com\/en\/wp-json\/wp\/v2\/comments?post=3284"}],"wp:featuredmedia":[{"embeddable":true,"href":"https:\/\/sarbaygroup.com\/en\/wp-json\/wp\/v2\/media\/3285"}],"wp:attachment":[{"href":"https:\/\/sarbaygroup.com\/en\/wp-json\/wp\/v2\/media?parent=3284"}],"wp:term":[{"taxonomy":"product_cat","embeddable":true,"href":"https:\/\/sarbaygroup.com\/en\/wp-json\/wp\/v2\/product_cat?post=3284"},{"taxonomy":"product_tag","embeddable":true,"href":"https:\/\/sarbaygroup.com\/en\/wp-json\/wp\/v2\/product_tag?post=3284"}],"curies":[{"name":"wp","href":"https:\/\/api.w.org\/{rel}","templated":true}]}}