{"id":3171,"date":"2024-08-28T10:05:04","date_gmt":"2024-08-28T10:05:04","guid":{"rendered":"https:\/\/sarbaygroup.com\/en\/?page_id=3171"},"modified":"2024-08-28T10:40:37","modified_gmt":"2024-08-28T10:40:37","slug":"istiralerimiz","status":"publish","type":"page","link":"https:\/\/sarbaygroup.com\/en\/istiralerimiz\/","title":{"rendered":"\u0130\u015eT\u0130RALER\u0130M\u0130Z"},"content":{"rendered":"\t\t<div data-elementor-type=\"wp-page\" data-elementor-id=\"3171\" class=\"elementor elementor-3171\">\n\t\t\t\t<div class=\"elementor-element elementor-element-0881f98 e-grid e-con-boxed e-con e-parent\" data-id=\"0881f98\" data-element_type=\"container\">\n\t\t\t\t\t<div class=\"e-con-inner\">\n\t\t\t\t<div class=\"elementor-element elementor-element-0c07e9f heading-default elementor-widget elementor-widget-mae-headings\" data-id=\"0c07e9f\" data-element_type=\"widget\" data-widget_type=\"mae-headings.default\">\n\t\t\t\t<div class=\"elementor-widget-container\">\n\t\t\t\t\t<div class=\"master-heading sep-none\">\n\t\t\t\t        \t        \t<div class=\"pre-heading\"><span class=\"line\"><span class=\"inner\"><\/span><\/span>\u0130\u015ftiraklerimiz<\/div>\n\t        \n\t        \n\t        \t        <h2 class=\"main-heading\">Birlikte G\u00fc\u00e7l\u00fc, Gelece\u011fe G\u00fcvenle!<\/h2>\n\t        \n\t        \n\t        \t    <\/div>\n\t    \t\t<\/div>\n\t\t\t\t<\/div>\n\t\t\t\t<div class=\"elementor-element elementor-element-356dc41 elementor-widget elementor-widget-text-editor\" data-id=\"356dc41\" data-element_type=\"widget\" data-widget_type=\"text-editor.default\">\n\t\t\t\t<div class=\"elementor-widget-container\">\n\t\t\t<style>\/*! elementor - v3.23.0 - 05-08-2024 *\/\n.elementor-widget-text-editor.elementor-drop-cap-view-stacked .elementor-drop-cap{background-color:#69727d;color:#fff}.elementor-widget-text-editor.elementor-drop-cap-view-framed .elementor-drop-cap{color:#69727d;border:3px solid;background-color:transparent}.elementor-widget-text-editor:not(.elementor-drop-cap-view-default) .elementor-drop-cap{margin-top:8px}.elementor-widget-text-editor:not(.elementor-drop-cap-view-default) .elementor-drop-cap-letter{width:1em;height:1em}.elementor-widget-text-editor .elementor-drop-cap{float:left;text-align:center;line-height:1;font-size:50px}.elementor-widget-text-editor .elementor-drop-cap-letter{display:inline-block}<\/style>\t\t\t\t<p>\u015eirketimiz, faaliyet g\u00f6sterdi\u011fimiz alanlarda yenilik\u00e7i ve s\u00fcrd\u00fcr\u00fclebilir \u00e7\u00f6z\u00fcmler sunmak amac\u0131yla \u00e7e\u015fitli sekt\u00f6rlerde g\u00fc\u00e7l\u00fc i\u015ftirakler kurmu\u015ftur. Her biri kendi alan\u0131nda lider konumda olan i\u015ftiraklerimiz, uzman kadrolar\u0131 ve geni\u015f hizmet yelpazesi ile m\u00fc\u015fterilerimize en iyi hizmeti sunmay\u0131 hedeflemektedir.<\/p>\t\t\t\t\t\t<\/div>\n\t\t\t\t<\/div>\n\t\t\t\t\t<\/div>\n\t\t\t\t<\/div>\n\t\t<div class=\"elementor-element elementor-element-0606a02 e-flex e-con-boxed e-con e-parent\" data-id=\"0606a02\" data-element_type=\"container\">\n\t\t\t\t\t<div class=\"e-con-inner\">\n\t\t\t\t<div class=\"elementor-element elementor-element-77d30ea elementor-widget elementor-widget-mae-gallery-carousel\" data-id=\"77d30ea\" data-element_type=\"widget\" data-widget_type=\"mae-gallery-carousel.default\">\n\t\t\t\t<div class=\"elementor-widget-container\">\n\t\t\t\n         <div class=\"master-carousel-box master-galleries mlr-1439699609 master-galleries\" data-config='{\"column\":3,\"columnTablet\":3,\"columnMobile\":1,\"gap\":10,\"arrowPosition\":null,\"arrowMiddleOffset\":null,\"arrowTopOffset\":null,\"stretch\":\"no\",\"autoPlay\":true,\"prevNextButtons\":false,\"pageDots\":false,\"groupCells\":false}'>\n                            <div class=\"master-gallery item-carousel \">\n                    <div class=\"thumb\">\n                        <a class=\"zoom-popup-mfp\" href=\"https:\/\/sarbaygroup.com\/en\/wp-content\/uploads\/2024\/08\/fbiad.jpg\"><\/a>\n                        <img fetchpriority=\"high\" decoding=\"async\" width=\"640\" height=\"480\" src=\"https:\/\/sarbaygroup.com\/en\/wp-content\/uploads\/2024\/08\/fbiad.jpg\" class=\"attachment-full size-full wp-image-3173\" alt=\"\" srcset=\"https:\/\/sarbaygroup.com\/en\/wp-content\/uploads\/2024\/08\/fbiad.jpg 640w, https:\/\/sarbaygroup.com\/en\/wp-content\/uploads\/2024\/08\/fbiad-600x450.jpg 600w, https:\/\/sarbaygroup.com\/en\/wp-content\/uploads\/2024\/08\/fbiad-300x225.jpg 300w\" sizes=\"(max-width: 640px) 100vw, 640px\" \/>                    <\/div>\n                <\/div>\n                            <div class=\"master-gallery item-carousel \">\n                    <div class=\"thumb\">\n                        <a class=\"zoom-popup-mfp\" href=\"https:\/\/sarbaygroup.com\/en\/wp-content\/uploads\/2024\/08\/tim.jpg\"><\/a>\n                        <img decoding=\"async\" width=\"640\" height=\"480\" src=\"https:\/\/sarbaygroup.com\/en\/wp-content\/uploads\/2024\/08\/tim.jpg\" class=\"attachment-full size-full wp-image-3176\" alt=\"\" srcset=\"https:\/\/sarbaygroup.com\/en\/wp-content\/uploads\/2024\/08\/tim.jpg 640w, https:\/\/sarbaygroup.com\/en\/wp-content\/uploads\/2024\/08\/tim-600x450.jpg 600w, https:\/\/sarbaygroup.com\/en\/wp-content\/uploads\/2024\/08\/tim-300x225.jpg 300w\" sizes=\"(max-width: 640px) 100vw, 640px\" \/>                    <\/div>\n                <\/div>\n                            <div class=\"master-gallery item-carousel \">\n                    <div class=\"thumb\">\n                        <a class=\"zoom-popup-mfp\" href=\"https:\/\/sarbaygroup.com\/en\/wp-content\/uploads\/2024\/08\/iib.jpg\"><\/a>\n                        <img decoding=\"async\" width=\"640\" height=\"480\" src=\"https:\/\/sarbaygroup.com\/en\/wp-content\/uploads\/2024\/08\/iib.jpg\" class=\"attachment-full size-full wp-image-3174\" alt=\"\" srcset=\"https:\/\/sarbaygroup.com\/en\/wp-content\/uploads\/2024\/08\/iib.jpg 640w, https:\/\/sarbaygroup.com\/en\/wp-content\/uploads\/2024\/08\/iib-600x450.jpg 600w, https:\/\/sarbaygroup.com\/en\/wp-content\/uploads\/2024\/08\/iib-300x225.jpg 300w\" sizes=\"(max-width: 640px) 100vw, 640px\" \/>                    <\/div>\n                <\/div>\n                    <\/div>\n\n        \t\t<\/div>\n\t\t\t\t<\/div>\n\t\t\t\t<div class=\"elementor-element elementor-element-e3e85c9 elementor-widget elementor-widget-mae-gallery-carousel\" data-id=\"e3e85c9\" data-element_type=\"widget\" data-widget_type=\"mae-gallery-carousel.default\">\n\t\t\t\t<div class=\"elementor-widget-container\">\n\t\t\t\n         <div class=\"master-carousel-box master-galleries mlr-1511616065 master-galleries\" data-config='{\"column\":4,\"columnTablet\":3,\"columnMobile\":1,\"gap\":10,\"arrowPosition\":null,\"arrowMiddleOffset\":null,\"arrowTopOffset\":null,\"stretch\":\"no\",\"autoPlay\":true,\"prevNextButtons\":false,\"pageDots\":false,\"groupCells\":false}'>\n                            <div class=\"master-gallery item-carousel \">\n                    <div class=\"thumb\">\n                        <a class=\"zoom-popup-mfp\" href=\"https:\/\/sarbaygroup.com\/en\/wp-content\/uploads\/2024\/08\/musiad.jpg\"><\/a>\n                        <img loading=\"lazy\" decoding=\"async\" width=\"640\" height=\"480\" src=\"https:\/\/sarbaygroup.com\/en\/wp-content\/uploads\/2024\/08\/musiad.jpg\" class=\"attachment-full size-full wp-image-3175\" alt=\"\" srcset=\"https:\/\/sarbaygroup.com\/en\/wp-content\/uploads\/2024\/08\/musiad.jpg 640w, https:\/\/sarbaygroup.com\/en\/wp-content\/uploads\/2024\/08\/musiad-600x450.jpg 600w, https:\/\/sarbaygroup.com\/en\/wp-content\/uploads\/2024\/08\/musiad-300x225.jpg 300w\" sizes=\"(max-width: 640px) 100vw, 640px\" \/>                    <\/div>\n                <\/div>\n                            <div class=\"master-gallery item-carousel \">\n                    <div class=\"thumb\">\n                        <a class=\"zoom-popup-mfp\" href=\"https:\/\/sarbaygroup.com\/en\/wp-content\/uploads\/2024\/08\/amcliam.jpg\"><\/a>\n                        <img loading=\"lazy\" decoding=\"async\" width=\"640\" height=\"480\" src=\"https:\/\/sarbaygroup.com\/en\/wp-content\/uploads\/2024\/08\/amcliam.jpg\" class=\"attachment-full size-full wp-image-3172\" alt=\"\" srcset=\"https:\/\/sarbaygroup.com\/en\/wp-content\/uploads\/2024\/08\/amcliam.jpg 640w, https:\/\/sarbaygroup.com\/en\/wp-content\/uploads\/2024\/08\/amcliam-600x450.jpg 600w, https:\/\/sarbaygroup.com\/en\/wp-content\/uploads\/2024\/08\/amcliam-300x225.jpg 300w\" sizes=\"(max-width: 640px) 100vw, 640px\" \/>                    <\/div>\n                <\/div>\n                            <div class=\"master-gallery item-carousel \">\n                    <div class=\"thumb\">\n                        <a class=\"zoom-popup-mfp\" href=\"https:\/\/sarbaygroup.com\/en\/wp-content\/uploads\/2024\/08\/tobb.jpg\"><\/a>\n                        <img loading=\"lazy\" decoding=\"async\" width=\"640\" height=\"480\" src=\"https:\/\/sarbaygroup.com\/en\/wp-content\/uploads\/2024\/08\/tobb.jpg\" class=\"attachment-full size-full wp-image-3177\" alt=\"\" srcset=\"https:\/\/sarbaygroup.com\/en\/wp-content\/uploads\/2024\/08\/tobb.jpg 640w, https:\/\/sarbaygroup.com\/en\/wp-content\/uploads\/2024\/08\/tobb-600x450.jpg 600w, https:\/\/sarbaygroup.com\/en\/wp-content\/uploads\/2024\/08\/tobb-300x225.jpg 300w\" sizes=\"(max-width: 640px) 100vw, 640px\" \/>                    <\/div>\n                <\/div>\n                            <div class=\"master-gallery item-carousel \">\n                    <div class=\"thumb\">\n                        <a class=\"zoom-popup-mfp\" href=\"https:\/\/sarbaygroup.com\/en\/wp-content\/uploads\/2024\/08\/tures.jpg\"><\/a>\n                        <img loading=\"lazy\" decoding=\"async\" width=\"640\" height=\"480\" src=\"https:\/\/sarbaygroup.com\/en\/wp-content\/uploads\/2024\/08\/tures.jpg\" class=\"attachment-full size-full wp-image-3178\" alt=\"\" srcset=\"https:\/\/sarbaygroup.com\/en\/wp-content\/uploads\/2024\/08\/tures.jpg 640w, https:\/\/sarbaygroup.com\/en\/wp-content\/uploads\/2024\/08\/tures-600x450.jpg 600w, https:\/\/sarbaygroup.com\/en\/wp-content\/uploads\/2024\/08\/tures-300x225.jpg 300w\" sizes=\"(max-width: 640px) 100vw, 640px\" \/>                    <\/div>\n                <\/div>\n                    <\/div>\n\n        \t\t<\/div>\n\t\t\t\t<\/div>\n\t\t\t\t\t<\/div>\n\t\t\t\t<\/div>\n\t\t\t\t<\/div>\n\t\t\n    <div class=\"xs_social_share_widget xs_share_url after_content \t\tmain_content  wslu-style-1 wslu-share-box-shaped wslu-fill-colored wslu-none wslu-share-horizontal wslu-theme-font-no wslu-main_content\">\n\n\t\t\n        <ul>\n\t\t\t        <\/ul>\n    <\/div> \n","protected":false},"excerpt":{"rendered":"<p>\u0130\u015ftiraklerimiz Birlikte G\u00fc\u00e7l\u00fc, Gelece\u011fe G\u00fcvenle! \u015eirketimiz, faaliyet g\u00f6sterdi\u011fimiz alanlarda yenilik\u00e7i ve s\u00fcrd\u00fcr\u00fclebilir \u00e7\u00f6z\u00fcmler sunmak amac\u0131yla \u00e7e\u015fitli sekt\u00f6rlerde g\u00fc\u00e7l\u00fc i\u015ftirakler kurmu\u015ftur. Her biri kendi alan\u0131nda lider konumda olan i\u015ftiraklerimiz, uzman kadrolar\u0131 ve geni\u015f hizmet yelpazesi ile m\u00fc\u015fterilerimize en iyi hizmeti sunmay\u0131 hedeflemektedir.<\/p>\n","protected":false},"author":1,"featured_media":0,"parent":0,"menu_order":0,"comment_status":"closed","ping_status":"closed","template":"","meta":{"_monsterinsights_skip_tracking":false,"_monsterinsights_sitenote_active":false,"_monsterinsights_sitenote_note":"","_monsterinsights_sitenote_category":0,"footnotes":""},"class_list":["post-3171","page","type-page","status-publish","hentry"],"aioseo_notices":[],"_links":{"self":[{"href":"https:\/\/sarbaygroup.com\/en\/wp-json\/wp\/v2\/pages\/3171","targetHints":{"allow":["GET"]}}],"collection":[{"href":"https:\/\/sarbaygroup.com\/en\/wp-json\/wp\/v2\/pages"}],"about":[{"href":"https:\/\/sarbaygroup.com\/en\/wp-json\/wp\/v2\/types\/page"}],"author":[{"embeddable":true,"href":"https:\/\/sarbaygroup.com\/en\/wp-json\/wp\/v2\/users\/1"}],"replies":[{"embeddable":true,"href":"https:\/\/sarbaygroup.com\/en\/wp-json\/wp\/v2\/comments?post=3171"}],"version-history":[{"count":4,"href":"https:\/\/sarbaygroup.com\/en\/wp-json\/wp\/v2\/pages\/3171\/revisions"}],"predecessor-version":[{"id":3182,"href":"https:\/\/sarbaygroup.com\/en\/wp-json\/wp\/v2\/pages\/3171\/revisions\/3182"}],"wp:attachment":[{"href":"https:\/\/sarbaygroup.com\/en\/wp-json\/wp\/v2\/media?parent=3171"}],"curies":[{"name":"wp","href":"https:\/\/api.w.org\/{rel}","templated":true}]}}