{"id":3138,"date":"2024-08-28T07:40:59","date_gmt":"2024-08-28T07:40:59","guid":{"rendered":"https:\/\/sarbaygroup.com\/en\/?page_id=3138"},"modified":"2024-09-09T06:24:27","modified_gmt":"2024-09-09T06:24:27","slug":"kalite-belgeleri","status":"publish","type":"page","link":"https:\/\/sarbaygroup.com\/en\/kalite-belgeleri\/","title":{"rendered":"KAL\u0130TE BELGELER\u0130"},"content":{"rendered":"\t\t<div data-elementor-type=\"wp-page\" data-elementor-id=\"3138\" class=\"elementor elementor-3138\">\n\t\t\t\t<div class=\"elementor-element elementor-element-0881f98 e-grid e-con-boxed e-con e-parent\" data-id=\"0881f98\" data-element_type=\"container\">\n\t\t\t\t\t<div class=\"e-con-inner\">\n\t\t\t\t<div class=\"elementor-element elementor-element-0c07e9f heading-default elementor-widget elementor-widget-mae-headings\" data-id=\"0c07e9f\" data-element_type=\"widget\" data-widget_type=\"mae-headings.default\">\n\t\t\t\t<div class=\"elementor-widget-container\">\n\t\t\t\t\t<div class=\"master-heading sep-none\">\n\t\t\t\t        \t        \t<div class=\"pre-heading\"><span class=\"line\"><span class=\"inner\"><\/span><\/span>Kalite sertififikalar\u0131m\u0131z<\/div>\n\t        \n\t        \n\t        \t        <h2 class=\"main-heading\">Sarbay Group: Kalitede G\u00fcvenceniz, G\u00fcvenle Tercihiniz.<\/h2>\n\t        \n\t        \n\t        \t    <\/div>\n\t    \t\t<\/div>\n\t\t\t\t<\/div>\n\t\t\t\t<div class=\"elementor-element elementor-element-356dc41 elementor-widget elementor-widget-text-editor\" data-id=\"356dc41\" data-element_type=\"widget\" data-widget_type=\"text-editor.default\">\n\t\t\t\t<div class=\"elementor-widget-container\">\n\t\t\t<style>\/*! elementor - v3.23.0 - 05-08-2024 *\/\n.elementor-widget-text-editor.elementor-drop-cap-view-stacked .elementor-drop-cap{background-color:#69727d;color:#fff}.elementor-widget-text-editor.elementor-drop-cap-view-framed .elementor-drop-cap{color:#69727d;border:3px solid;background-color:transparent}.elementor-widget-text-editor:not(.elementor-drop-cap-view-default) .elementor-drop-cap{margin-top:8px}.elementor-widget-text-editor:not(.elementor-drop-cap-view-default) .elementor-drop-cap-letter{width:1em;height:1em}.elementor-widget-text-editor .elementor-drop-cap{float:left;text-align:center;line-height:1;font-size:50px}.elementor-widget-text-editor .elementor-drop-cap-letter{display:inline-block}<\/style>\t\t\t\t<p>Bu b\u00f6l\u00fcmde, sekt\u00f6r\u00fcm\u00fczdeki uzmanl\u0131\u011f\u0131m\u0131z\u0131 ve hizmet kalitemizi belgeleyen sertifikalar\u0131m\u0131z\u0131 bulabilirsiniz. M\u00fc\u015fterilerimize en iyi hizmeti sunma konusundaki kararl\u0131l\u0131\u011f\u0131m\u0131z, ald\u0131\u011f\u0131m\u0131z sertifikalarla desteklenmektedir. Her bir belge, kalite ve g\u00fcvenilirlik standartlar\u0131na olan ba\u011fl\u0131l\u0131\u011f\u0131m\u0131z\u0131n bir g\u00f6stergesidir.<\/p>\t\t\t\t\t\t<\/div>\n\t\t\t\t<\/div>\n\t\t\t\t\t<\/div>\n\t\t\t\t<\/div>\n\t\t<div class=\"elementor-element elementor-element-0606a02 e-flex e-con-boxed e-con e-parent\" data-id=\"0606a02\" data-element_type=\"container\">\n\t\t\t\t\t<div class=\"e-con-inner\">\n\t\t\t\t<div class=\"elementor-element elementor-element-77d30ea elementor-widget elementor-widget-mae-gallery-carousel\" data-id=\"77d30ea\" data-element_type=\"widget\" data-widget_type=\"mae-gallery-carousel.default\">\n\t\t\t\t<div class=\"elementor-widget-container\">\n\t\t\t\n         <div class=\"master-carousel-box master-galleries mlr-1418930870 master-galleries\" data-config='{\"column\":4,\"columnTablet\":3,\"columnMobile\":1,\"gap\":10,\"arrowPosition\":null,\"arrowMiddleOffset\":null,\"arrowTopOffset\":null,\"stretch\":\"no\",\"autoPlay\":true,\"prevNextButtons\":false,\"pageDots\":false,\"groupCells\":false}'>\n                            <div class=\"master-gallery item-carousel \">\n                    <div class=\"thumb\">\n                        <a class=\"zoom-popup-mfp\" href=\"https:\/\/sarbaygroup.com\/en\/wp-content\/uploads\/2024\/08\/1.jpg\"><\/a>\n                        <img fetchpriority=\"high\" decoding=\"async\" width=\"640\" height=\"910\" src=\"https:\/\/sarbaygroup.com\/en\/wp-content\/uploads\/2024\/08\/1.jpg\" class=\"attachment-full size-full wp-image-3140\" alt=\"\" srcset=\"https:\/\/sarbaygroup.com\/en\/wp-content\/uploads\/2024\/08\/1.jpg 640w, https:\/\/sarbaygroup.com\/en\/wp-content\/uploads\/2024\/08\/1-600x853.jpg 600w, https:\/\/sarbaygroup.com\/en\/wp-content\/uploads\/2024\/08\/1-211x300.jpg 211w\" sizes=\"(max-width: 640px) 100vw, 640px\" \/>                    <\/div>\n                <\/div>\n                            <div class=\"master-gallery item-carousel \">\n                    <div class=\"thumb\">\n                        <a class=\"zoom-popup-mfp\" href=\"https:\/\/sarbaygroup.com\/en\/wp-content\/uploads\/2024\/08\/2.jpg\"><\/a>\n                        <img decoding=\"async\" width=\"640\" height=\"910\" src=\"https:\/\/sarbaygroup.com\/en\/wp-content\/uploads\/2024\/08\/2.jpg\" class=\"attachment-full size-full wp-image-3141\" alt=\"\" srcset=\"https:\/\/sarbaygroup.com\/en\/wp-content\/uploads\/2024\/08\/2.jpg 640w, https:\/\/sarbaygroup.com\/en\/wp-content\/uploads\/2024\/08\/2-600x853.jpg 600w, https:\/\/sarbaygroup.com\/en\/wp-content\/uploads\/2024\/08\/2-211x300.jpg 211w\" sizes=\"(max-width: 640px) 100vw, 640px\" \/>                    <\/div>\n                <\/div>\n                            <div class=\"master-gallery item-carousel \">\n                    <div class=\"thumb\">\n                        <a class=\"zoom-popup-mfp\" href=\"https:\/\/sarbaygroup.com\/en\/wp-content\/uploads\/2024\/08\/3.jpg\"><\/a>\n                        <img decoding=\"async\" width=\"640\" height=\"910\" src=\"https:\/\/sarbaygroup.com\/en\/wp-content\/uploads\/2024\/08\/3.jpg\" class=\"attachment-full size-full wp-image-3142\" alt=\"\" srcset=\"https:\/\/sarbaygroup.com\/en\/wp-content\/uploads\/2024\/08\/3.jpg 640w, https:\/\/sarbaygroup.com\/en\/wp-content\/uploads\/2024\/08\/3-600x853.jpg 600w, https:\/\/sarbaygroup.com\/en\/wp-content\/uploads\/2024\/08\/3-211x300.jpg 211w\" sizes=\"(max-width: 640px) 100vw, 640px\" \/>                    <\/div>\n                <\/div>\n                            <div class=\"master-gallery item-carousel \">\n                    <div class=\"thumb\">\n                        <a class=\"zoom-popup-mfp\" href=\"https:\/\/sarbaygroup.com\/en\/wp-content\/uploads\/2024\/08\/4.jpg\"><\/a>\n                        <img loading=\"lazy\" decoding=\"async\" width=\"640\" height=\"910\" src=\"https:\/\/sarbaygroup.com\/en\/wp-content\/uploads\/2024\/08\/4.jpg\" class=\"attachment-full size-full wp-image-3143\" alt=\"\" srcset=\"https:\/\/sarbaygroup.com\/en\/wp-content\/uploads\/2024\/08\/4.jpg 640w, https:\/\/sarbaygroup.com\/en\/wp-content\/uploads\/2024\/08\/4-600x853.jpg 600w, https:\/\/sarbaygroup.com\/en\/wp-content\/uploads\/2024\/08\/4-211x300.jpg 211w\" sizes=\"(max-width: 640px) 100vw, 640px\" \/>                    <\/div>\n                <\/div>\n                    <\/div>\n\n        \t\t<\/div>\n\t\t\t\t<\/div>\n\t\t\t\t<div class=\"elementor-element elementor-element-e3e85c9 elementor-widget elementor-widget-mae-gallery-carousel\" data-id=\"e3e85c9\" data-element_type=\"widget\" data-widget_type=\"mae-gallery-carousel.default\">\n\t\t\t\t<div class=\"elementor-widget-container\">\n\t\t\t\n         <div class=\"master-carousel-box master-galleries mlr-1214171840 master-galleries\" data-config='{\"column\":4,\"columnTablet\":3,\"columnMobile\":1,\"gap\":10,\"arrowPosition\":null,\"arrowMiddleOffset\":null,\"arrowTopOffset\":null,\"stretch\":\"no\",\"autoPlay\":true,\"prevNextButtons\":false,\"pageDots\":false,\"groupCells\":false}'>\n                            <div class=\"master-gallery item-carousel \">\n                    <div class=\"thumb\">\n                        <a class=\"zoom-popup-mfp\" href=\"https:\/\/sarbaygroup.com\/en\/wp-content\/uploads\/2024\/08\/5.jpg\"><\/a>\n                        <img loading=\"lazy\" decoding=\"async\" width=\"640\" height=\"910\" src=\"https:\/\/sarbaygroup.com\/en\/wp-content\/uploads\/2024\/08\/5.jpg\" class=\"attachment-full size-full wp-image-3144\" alt=\"\" srcset=\"https:\/\/sarbaygroup.com\/en\/wp-content\/uploads\/2024\/08\/5.jpg 640w, https:\/\/sarbaygroup.com\/en\/wp-content\/uploads\/2024\/08\/5-600x853.jpg 600w, https:\/\/sarbaygroup.com\/en\/wp-content\/uploads\/2024\/08\/5-211x300.jpg 211w\" sizes=\"(max-width: 640px) 100vw, 640px\" \/>                    <\/div>\n                <\/div>\n                            <div class=\"master-gallery item-carousel \">\n                    <div class=\"thumb\">\n                        <a class=\"zoom-popup-mfp\" href=\"https:\/\/sarbaygroup.com\/en\/wp-content\/uploads\/2024\/08\/6.jpg\"><\/a>\n                        <img loading=\"lazy\" decoding=\"async\" width=\"640\" height=\"910\" src=\"https:\/\/sarbaygroup.com\/en\/wp-content\/uploads\/2024\/08\/6.jpg\" class=\"attachment-full size-full wp-image-3145\" alt=\"\" srcset=\"https:\/\/sarbaygroup.com\/en\/wp-content\/uploads\/2024\/08\/6.jpg 640w, https:\/\/sarbaygroup.com\/en\/wp-content\/uploads\/2024\/08\/6-600x853.jpg 600w, https:\/\/sarbaygroup.com\/en\/wp-content\/uploads\/2024\/08\/6-211x300.jpg 211w\" sizes=\"(max-width: 640px) 100vw, 640px\" \/>                    <\/div>\n                <\/div>\n                            <div class=\"master-gallery item-carousel \">\n                    <div class=\"thumb\">\n                        <a class=\"zoom-popup-mfp\" href=\"https:\/\/sarbaygroup.com\/en\/wp-content\/uploads\/2024\/08\/7.jpg\"><\/a>\n                        <img loading=\"lazy\" decoding=\"async\" width=\"640\" height=\"910\" src=\"https:\/\/sarbaygroup.com\/en\/wp-content\/uploads\/2024\/08\/7.jpg\" class=\"attachment-full size-full wp-image-3146\" alt=\"\" srcset=\"https:\/\/sarbaygroup.com\/en\/wp-content\/uploads\/2024\/08\/7.jpg 640w, https:\/\/sarbaygroup.com\/en\/wp-content\/uploads\/2024\/08\/7-600x853.jpg 600w, https:\/\/sarbaygroup.com\/en\/wp-content\/uploads\/2024\/08\/7-211x300.jpg 211w\" sizes=\"(max-width: 640px) 100vw, 640px\" \/>                    <\/div>\n                <\/div>\n                            <div class=\"master-gallery item-carousel \">\n                    <div class=\"thumb\">\n                        <a class=\"zoom-popup-mfp\" href=\"https:\/\/sarbaygroup.com\/en\/wp-content\/uploads\/2024\/08\/8.jpg\"><\/a>\n                        <img loading=\"lazy\" decoding=\"async\" width=\"640\" height=\"910\" src=\"https:\/\/sarbaygroup.com\/en\/wp-content\/uploads\/2024\/08\/8.jpg\" class=\"attachment-full size-full wp-image-3147\" alt=\"\" srcset=\"https:\/\/sarbaygroup.com\/en\/wp-content\/uploads\/2024\/08\/8.jpg 640w, https:\/\/sarbaygroup.com\/en\/wp-content\/uploads\/2024\/08\/8-600x853.jpg 600w, https:\/\/sarbaygroup.com\/en\/wp-content\/uploads\/2024\/08\/8-211x300.jpg 211w\" sizes=\"(max-width: 640px) 100vw, 640px\" \/>                    <\/div>\n                <\/div>\n                    <\/div>\n\n        \t\t<\/div>\n\t\t\t\t<\/div>\n\t\t\t\t<div class=\"elementor-element elementor-element-10dde10 elementor-widget elementor-widget-mae-gallery-carousel\" data-id=\"10dde10\" data-element_type=\"widget\" data-widget_type=\"mae-gallery-carousel.default\">\n\t\t\t\t<div class=\"elementor-widget-container\">\n\t\t\t\n         <div class=\"master-carousel-box master-galleries mlr-601188778 master-galleries\" data-config='{\"column\":4,\"columnTablet\":3,\"columnMobile\":1,\"gap\":10,\"arrowPosition\":null,\"arrowMiddleOffset\":null,\"arrowTopOffset\":null,\"stretch\":\"no\",\"autoPlay\":true,\"prevNextButtons\":false,\"pageDots\":false,\"groupCells\":false}'>\n                            <div class=\"master-gallery item-carousel \">\n                    <div class=\"thumb\">\n                        <a class=\"zoom-popup-mfp\" href=\"https:\/\/sarbaygroup.com\/en\/wp-content\/uploads\/2024\/08\/10.jpg\"><\/a>\n                        <img loading=\"lazy\" decoding=\"async\" width=\"640\" height=\"910\" src=\"https:\/\/sarbaygroup.com\/en\/wp-content\/uploads\/2024\/08\/10.jpg\" class=\"attachment-full size-full wp-image-3148\" alt=\"\" srcset=\"https:\/\/sarbaygroup.com\/en\/wp-content\/uploads\/2024\/08\/10.jpg 640w, https:\/\/sarbaygroup.com\/en\/wp-content\/uploads\/2024\/08\/10-600x853.jpg 600w, https:\/\/sarbaygroup.com\/en\/wp-content\/uploads\/2024\/08\/10-211x300.jpg 211w\" sizes=\"(max-width: 640px) 100vw, 640px\" \/>                    <\/div>\n                <\/div>\n                            <div class=\"master-gallery item-carousel \">\n                    <div class=\"thumb\">\n                        <a class=\"zoom-popup-mfp\" href=\"https:\/\/sarbaygroup.com\/en\/wp-content\/uploads\/2024\/08\/10.jpg\"><\/a>\n                        <img loading=\"lazy\" decoding=\"async\" width=\"640\" height=\"910\" src=\"https:\/\/sarbaygroup.com\/en\/wp-content\/uploads\/2024\/08\/10.jpg\" class=\"attachment-full size-full wp-image-3148\" alt=\"\" srcset=\"https:\/\/sarbaygroup.com\/en\/wp-content\/uploads\/2024\/08\/10.jpg 640w, https:\/\/sarbaygroup.com\/en\/wp-content\/uploads\/2024\/08\/10-600x853.jpg 600w, https:\/\/sarbaygroup.com\/en\/wp-content\/uploads\/2024\/08\/10-211x300.jpg 211w\" sizes=\"(max-width: 640px) 100vw, 640px\" \/>                    <\/div>\n                <\/div>\n                            <div class=\"master-gallery item-carousel \">\n                    <div class=\"thumb\">\n                        <a class=\"zoom-popup-mfp\" href=\"https:\/\/sarbaygroup.com\/en\/wp-content\/uploads\/2024\/08\/11.jpg\"><\/a>\n                        <img loading=\"lazy\" decoding=\"async\" width=\"640\" height=\"910\" src=\"https:\/\/sarbaygroup.com\/en\/wp-content\/uploads\/2024\/08\/11.jpg\" class=\"attachment-full size-full wp-image-3149\" alt=\"\" srcset=\"https:\/\/sarbaygroup.com\/en\/wp-content\/uploads\/2024\/08\/11.jpg 640w, https:\/\/sarbaygroup.com\/en\/wp-content\/uploads\/2024\/08\/11-600x853.jpg 600w, https:\/\/sarbaygroup.com\/en\/wp-content\/uploads\/2024\/08\/11-211x300.jpg 211w\" sizes=\"(max-width: 640px) 100vw, 640px\" \/>                    <\/div>\n                <\/div>\n                            <div class=\"master-gallery item-carousel \">\n                    <div class=\"thumb\">\n                        <a class=\"zoom-popup-mfp\" href=\"https:\/\/sarbaygroup.com\/en\/wp-content\/uploads\/2024\/08\/12.jpg\"><\/a>\n                        <img loading=\"lazy\" decoding=\"async\" width=\"640\" height=\"910\" src=\"https:\/\/sarbaygroup.com\/en\/wp-content\/uploads\/2024\/08\/12.jpg\" class=\"attachment-full size-full wp-image-3162\" alt=\"\" srcset=\"https:\/\/sarbaygroup.com\/en\/wp-content\/uploads\/2024\/08\/12.jpg 640w, https:\/\/sarbaygroup.com\/en\/wp-content\/uploads\/2024\/08\/12-600x853.jpg 600w, https:\/\/sarbaygroup.com\/en\/wp-content\/uploads\/2024\/08\/12-211x300.jpg 211w\" sizes=\"(max-width: 640px) 100vw, 640px\" \/>                    <\/div>\n                <\/div>\n                    <\/div>\n\n        \t\t<\/div>\n\t\t\t\t<\/div>\n\t\t\t\t<div class=\"elementor-element elementor-element-8f0b804 elementor-widget elementor-widget-mae-gallery-carousel\" data-id=\"8f0b804\" data-element_type=\"widget\" data-widget_type=\"mae-gallery-carousel.default\">\n\t\t\t\t<div class=\"elementor-widget-container\">\n\t\t\t\n         <div class=\"master-carousel-box master-galleries mlr-1858846250 master-galleries\" data-config='{\"column\":4,\"columnTablet\":3,\"columnMobile\":1,\"gap\":10,\"arrowPosition\":null,\"arrowMiddleOffset\":null,\"arrowTopOffset\":null,\"stretch\":\"no\",\"autoPlay\":true,\"prevNextButtons\":false,\"pageDots\":false,\"groupCells\":false}'>\n                            <div class=\"master-gallery item-carousel \">\n                    <div class=\"thumb\">\n                        <a class=\"zoom-popup-mfp\" href=\"https:\/\/sarbaygroup.com\/en\/wp-content\/uploads\/2024\/08\/13.jpg\"><\/a>\n                        <img loading=\"lazy\" decoding=\"async\" width=\"640\" height=\"910\" src=\"https:\/\/sarbaygroup.com\/en\/wp-content\/uploads\/2024\/08\/13.jpg\" class=\"attachment-full size-full wp-image-3150\" alt=\"\" srcset=\"https:\/\/sarbaygroup.com\/en\/wp-content\/uploads\/2024\/08\/13.jpg 640w, https:\/\/sarbaygroup.com\/en\/wp-content\/uploads\/2024\/08\/13-600x853.jpg 600w, https:\/\/sarbaygroup.com\/en\/wp-content\/uploads\/2024\/08\/13-211x300.jpg 211w\" sizes=\"(max-width: 640px) 100vw, 640px\" \/>                    <\/div>\n                <\/div>\n                            <div class=\"master-gallery item-carousel \">\n                    <div class=\"thumb\">\n                        <a class=\"zoom-popup-mfp\" href=\"https:\/\/sarbaygroup.com\/en\/wp-content\/uploads\/2024\/08\/14.jpg\"><\/a>\n                        <img loading=\"lazy\" decoding=\"async\" width=\"640\" height=\"910\" src=\"https:\/\/sarbaygroup.com\/en\/wp-content\/uploads\/2024\/08\/14.jpg\" class=\"attachment-full size-full wp-image-3151\" alt=\"\" srcset=\"https:\/\/sarbaygroup.com\/en\/wp-content\/uploads\/2024\/08\/14.jpg 640w, https:\/\/sarbaygroup.com\/en\/wp-content\/uploads\/2024\/08\/14-600x853.jpg 600w, https:\/\/sarbaygroup.com\/en\/wp-content\/uploads\/2024\/08\/14-211x300.jpg 211w\" sizes=\"(max-width: 640px) 100vw, 640px\" \/>                    <\/div>\n                <\/div>\n                            <div class=\"master-gallery item-carousel \">\n                    <div class=\"thumb\">\n                        <a class=\"zoom-popup-mfp\" href=\"https:\/\/sarbaygroup.com\/en\/wp-content\/uploads\/2024\/08\/15.jpg\"><\/a>\n                        <img loading=\"lazy\" decoding=\"async\" width=\"640\" height=\"910\" src=\"https:\/\/sarbaygroup.com\/en\/wp-content\/uploads\/2024\/08\/15.jpg\" class=\"attachment-full size-full wp-image-3152\" alt=\"\" srcset=\"https:\/\/sarbaygroup.com\/en\/wp-content\/uploads\/2024\/08\/15.jpg 640w, https:\/\/sarbaygroup.com\/en\/wp-content\/uploads\/2024\/08\/15-600x853.jpg 600w, https:\/\/sarbaygroup.com\/en\/wp-content\/uploads\/2024\/08\/15-211x300.jpg 211w\" sizes=\"(max-width: 640px) 100vw, 640px\" \/>                    <\/div>\n                <\/div>\n                            <div class=\"master-gallery item-carousel \">\n                    <div class=\"thumb\">\n                        <a class=\"zoom-popup-mfp\" href=\"https:\/\/sarbaygroup.com\/en\/wp-content\/uploads\/2024\/08\/16.jpg\"><\/a>\n                        <img loading=\"lazy\" decoding=\"async\" width=\"640\" height=\"910\" src=\"https:\/\/sarbaygroup.com\/en\/wp-content\/uploads\/2024\/08\/16.jpg\" class=\"attachment-full size-full wp-image-3153\" alt=\"\" srcset=\"https:\/\/sarbaygroup.com\/en\/wp-content\/uploads\/2024\/08\/16.jpg 640w, https:\/\/sarbaygroup.com\/en\/wp-content\/uploads\/2024\/08\/16-600x853.jpg 600w, https:\/\/sarbaygroup.com\/en\/wp-content\/uploads\/2024\/08\/16-211x300.jpg 211w\" sizes=\"(max-width: 640px) 100vw, 640px\" \/>                    <\/div>\n                <\/div>\n                    <\/div>\n\n        \t\t<\/div>\n\t\t\t\t<\/div>\n\t\t\t\t<div class=\"elementor-element elementor-element-7a3b121 elementor-widget elementor-widget-mae-gallery-carousel\" data-id=\"7a3b121\" data-element_type=\"widget\" data-widget_type=\"mae-gallery-carousel.default\">\n\t\t\t\t<div class=\"elementor-widget-container\">\n\t\t\t\n         <div class=\"master-carousel-box master-galleries mlr-241436585 master-galleries\" data-config='{\"column\":4,\"columnTablet\":3,\"columnMobile\":1,\"gap\":10,\"arrowPosition\":null,\"arrowMiddleOffset\":null,\"arrowTopOffset\":null,\"stretch\":\"no\",\"autoPlay\":true,\"prevNextButtons\":false,\"pageDots\":false,\"groupCells\":false}'>\n                            <div class=\"master-gallery item-carousel \">\n                    <div class=\"thumb\">\n                        <a class=\"zoom-popup-mfp\" href=\"https:\/\/sarbaygroup.com\/en\/wp-content\/uploads\/2024\/09\/registrar-corp.jpg\"><\/a>\n                        <img loading=\"lazy\" decoding=\"async\" width=\"1011\" height=\"1301\" src=\"https:\/\/sarbaygroup.com\/en\/wp-content\/uploads\/2024\/09\/registrar-corp.jpg\" class=\"attachment-full size-full wp-image-3408\" alt=\"\" srcset=\"https:\/\/sarbaygroup.com\/en\/wp-content\/uploads\/2024\/09\/registrar-corp.jpg 1011w, https:\/\/sarbaygroup.com\/en\/wp-content\/uploads\/2024\/09\/registrar-corp-233x300.jpg 233w, https:\/\/sarbaygroup.com\/en\/wp-content\/uploads\/2024\/09\/registrar-corp-796x1024.jpg 796w, https:\/\/sarbaygroup.com\/en\/wp-content\/uploads\/2024\/09\/registrar-corp-768x988.jpg 768w, https:\/\/sarbaygroup.com\/en\/wp-content\/uploads\/2024\/09\/registrar-corp-600x772.jpg 600w\" sizes=\"(max-width: 1011px) 100vw, 1011px\" \/>                    <\/div>\n                <\/div>\n                    <\/div>\n\n        \t\t<\/div>\n\t\t\t\t<\/div>\n\t\t\t\t\t<\/div>\n\t\t\t\t<\/div>\n\t\t\t\t<\/div>\n\t\t\n    <div class=\"xs_social_share_widget xs_share_url after_content \t\tmain_content  wslu-style-1 wslu-share-box-shaped wslu-fill-colored wslu-none wslu-share-horizontal wslu-theme-font-no wslu-main_content\">\n\n\t\t\n        <ul>\n\t\t\t        <\/ul>\n    <\/div> \n","protected":false},"excerpt":{"rendered":"<p>Kalite sertififikalar\u0131m\u0131z Sarbay Group: Kalitede G\u00fcvenceniz, G\u00fcvenle Tercihiniz. Bu b\u00f6l\u00fcmde, sekt\u00f6r\u00fcm\u00fczdeki uzmanl\u0131\u011f\u0131m\u0131z\u0131 ve hizmet kalitemizi belgeleyen sertifikalar\u0131m\u0131z\u0131 bulabilirsiniz. M\u00fc\u015fterilerimize en iyi hizmeti sunma konusundaki kararl\u0131l\u0131\u011f\u0131m\u0131z, ald\u0131\u011f\u0131m\u0131z sertifikalarla desteklenmektedir. Her bir belge, kalite ve g\u00fcvenilirlik standartlar\u0131na olan ba\u011fl\u0131l\u0131\u011f\u0131m\u0131z\u0131n bir g\u00f6stergesidir.<\/p>\n","protected":false},"author":1,"featured_media":0,"parent":0,"menu_order":0,"comment_status":"closed","ping_status":"closed","template":"","meta":{"_monsterinsights_skip_tracking":false,"_monsterinsights_sitenote_active":false,"_monsterinsights_sitenote_note":"","_monsterinsights_sitenote_category":0,"footnotes":""},"class_list":["post-3138","page","type-page","status-publish","hentry"],"aioseo_notices":[],"_links":{"self":[{"href":"https:\/\/sarbaygroup.com\/en\/wp-json\/wp\/v2\/pages\/3138","targetHints":{"allow":["GET"]}}],"collection":[{"href":"https:\/\/sarbaygroup.com\/en\/wp-json\/wp\/v2\/pages"}],"about":[{"href":"https:\/\/sarbaygroup.com\/en\/wp-json\/wp\/v2\/types\/page"}],"author":[{"embeddable":true,"href":"https:\/\/sarbaygroup.com\/en\/wp-json\/wp\/v2\/users\/1"}],"replies":[{"embeddable":true,"href":"https:\/\/sarbaygroup.com\/en\/wp-json\/wp\/v2\/comments?post=3138"}],"version-history":[{"count":16,"href":"https:\/\/sarbaygroup.com\/en\/wp-json\/wp\/v2\/pages\/3138\/revisions"}],"predecessor-version":[{"id":3411,"href":"https:\/\/sarbaygroup.com\/en\/wp-json\/wp\/v2\/pages\/3138\/revisions\/3411"}],"wp:attachment":[{"href":"https:\/\/sarbaygroup.com\/en\/wp-json\/wp\/v2\/media?parent=3138"}],"curies":[{"name":"wp","href":"https:\/\/api.w.org\/{rel}","templated":true}]}}